{"id":177,"date":"2022-05-19T20:25:02","date_gmt":"2022-05-19T20:25:02","guid":{"rendered":"https:\/\/webstudiodizajn.com.hr\/?page_id=177"},"modified":"2023-07-26T11:42:48","modified_gmt":"2023-07-26T11:42:48","slug":"protuprovalno-protupozarna-vrata","status":"publish","type":"page","link":"https:\/\/webstudiodizajn.com.hr\/index.php\/protuprovalno-protupozarna-vrata\/","title":{"rendered":"Protuprovalno protupo\u017earna vrata\u00a0\u00a0"},"content":{"rendered":"<div data-colibri-id=\"177-c1\" class=\"style-1226 style-local-177-c1 position-relative\">\n  <!---->\n  <div data-colibri-component=\"section\" data-colibri-id=\"177-c2\" id=\"reusable-sections\" class=\"h-section h-section-global-spacing d-flex align-items-lg-center align-items-md-center align-items-center style-1234 style-local-177-c2 position-relative\">\n    <!---->\n    <!---->\n    <div class=\"h-section-grid-container h-section-boxed-container\">\n      <!---->\n      <div data-colibri-id=\"177-c3\" class=\"h-row-container gutters-row-lg-2 gutters-row-md-2 gutters-row-2 gutters-row-v-lg-2 gutters-row-v-md-2 gutters-row-v-2 style-1235 style-local-177-c3 position-relative\">\n        <!---->\n        <div class=\"h-row justify-content-lg-center justify-content-md-center justify-content-center align-items-lg-stretch align-items-md-stretch align-items-stretch gutters-col-lg-2 gutters-col-md-2 gutters-col-2 gutters-col-v-lg-2 gutters-col-v-md-2 gutters-col-v-2\">\n          <!---->\n          <div class=\"h-column h-column-container d-flex h-col-lg-auto h-col-md-auto h-col-auto style-1236-outer style-local-177-c4-outer\">\n            <div data-colibri-id=\"177-c4\" class=\"d-flex h-flex-basis h-column__inner h-px-lg-2 h-px-md-2 h-px-2 v-inner-lg-2 v-inner-md-2 v-inner-2 style-1236 style-local-177-c4 position-relative\">\n              <!---->\n              <!---->\n              <div class=\"w-100 h-y-container h-column__content h-column__v-align flex-basis-100 align-self-lg-center align-self-md-center align-self-center\">\n                <!---->\n                <div data-colibri-id=\"177-c5\" class=\"h-global-transition-all h-heading style-1238 style-local-177-c5 position-relative h-element\">\n                  <!---->\n                  <div class=\"h-heading__outer style-1238 style-local-177-c5\">\n                    <!---->\n                    <!---->\n                    <h2 class=\"\">Protuprovalno &#8211; protupo\u017earna vrata BETA EI30\/44 dB <em style=\"font-family: Playfair Display; color: rgb(247, 144, 7);\"> <\/em><\/h2>\n                  <\/div>\n                <\/div>\n                <div data-colibri-id=\"177-c6\" class=\"h-text h-text-component style-1239 style-local-177-c6 position-relative h-element\">\n                  <!---->\n                  <!---->\n                  <div class=\"\"><\/div>\n                <\/div>\n                <div data-colibri-id=\"177-c7\" class=\"h-x-container style-1240 style-local-177-c7 position-relative h-element\">\n                  <!---->\n                  <div class=\"h-x-container-inner style-dynamic-177-c7-group style-1240-spacing style-local-177-c7-spacing\"><span class=\"h-button__outer style-1241-outer style-local-177-c8-outer d-inline-flex h-element\"><a h-use-smooth-scroll=\"true\" href=\"https:\/\/webstudiodizajn.com.hr\/index.php\/protuprovalno-protupozarna-vrata-beta-ei30-44-db\/\"  data-colibri-id=\"177-c8\" class=\"d-flex w-100 align-items-center h-button justify-content-lg-center justify-content-md-center justify-content-center style-1241 style-local-177-c8 position-relative\"><!----><!----> <span>Saznajte vi\u0161e<\/span><\/a>\n                    <\/span>\n                  <\/div>\n                <\/div>\n              <\/div>\n            <\/div>\n          <\/div>\n          <div class=\"h-column h-column-container d-flex h-col-lg-auto h-col-md-auto h-col-auto style-1242-outer style-local-177-c9-outer\">\n            <div data-colibri-id=\"177-c9\" class=\"d-flex h-flex-basis h-column__inner h-px-lg-2 h-px-md-2 h-px-2 v-inner-lg-2 v-inner-md-2 v-inner-2 style-1242 style-local-177-c9 position-relative\">\n              <!---->\n              <!---->\n              <div class=\"w-100 h-y-container h-column__content h-column__v-align flex-basis-100 align-self-lg-start align-self-md-start align-self-start\">\n                <!---->\n                <div data-colibri-id=\"177-c10\" class=\"d-block style-1243 style-local-177-c10 position-relative h-element\">\n                  <!---->\n                  <div class=\"h-image__frame-container-outer\">\n                    <div class=\"h-image__frame-container\">\n                      <!---->\n                      <!---->\n                      <img decoding=\"async\" loading=\"lazy\" width=\"1512\" height=\"2016\" src=\"https:\/\/webstudiodizajn.com.hr\/wp-content\/uploads\/2023\/07\/20220527_114718.jpg\" class=\"wp-image-2502 style-1243-image style-local-177-c10-image\" srcset=\"https:\/\/webstudiodizajn.com.hr\/wp-content\/uploads\/2023\/07\/20220527_114718.jpg 1512w, https:\/\/webstudiodizajn.com.hr\/wp-content\/uploads\/2023\/07\/20220527_114718-225x300.jpg 225w, https:\/\/webstudiodizajn.com.hr\/wp-content\/uploads\/2023\/07\/20220527_114718-768x1024.jpg 768w, https:\/\/webstudiodizajn.com.hr\/wp-content\/uploads\/2023\/07\/20220527_114718-1152x1536.jpg 1152w\" sizes=\"(max-width: 1512px) 100vw, 1512px\" alt=\"protuprovalna vrata\" \/>\n                      <div class=\"h-image__frame h-hide-lg h-hide-md h-hide-sm style-1243-frameImage style-local-177-c10-frameImage\"><\/div>\n                    <\/div>\n                  <\/div>\n                <\/div>\n              <\/div>\n            <\/div>\n          <\/div>\n        <\/div>\n      <\/div>\n    <\/div>\n  <\/div>\n  <div data-colibri-component=\"section\" data-colibri-id=\"177-c11\" id=\"reusable-sections-2\" class=\"h-section h-section-global-spacing d-flex align-items-lg-center align-items-md-center align-items-center style-1709 style-local-177-c11 position-relative\">\n    <!---->\n    <!---->\n    <div class=\"h-section-grid-container h-section-boxed-container\">\n      <!---->\n      <div data-colibri-id=\"177-c12\" class=\"h-row-container gutters-row-lg-2 gutters-row-md-2 gutters-row-2 gutters-row-v-lg-2 gutters-row-v-md-2 gutters-row-v-2 style-1710 style-local-177-c12 position-relative\">\n        <!---->\n        <div class=\"h-row justify-content-lg-center justify-content-md-center justify-content-center align-items-lg-stretch align-items-md-stretch align-items-stretch gutters-col-lg-2 gutters-col-md-2 gutters-col-2 gutters-col-v-lg-2 gutters-col-v-md-2 gutters-col-v-2\">\n          <!---->\n          <div class=\"h-column h-column-container d-flex h-col-lg-auto h-col-md-auto h-col-auto style-1711-outer style-local-177-c13-outer\">\n            <div data-colibri-id=\"177-c13\" class=\"d-flex h-flex-basis h-column__inner h-px-lg-2 h-px-md-2 h-px-2 v-inner-lg-2 v-inner-md-2 v-inner-2 style-1711 style-local-177-c13 position-relative\">\n              <!---->\n              <!---->\n              <div class=\"w-100 h-y-container h-column__content h-column__v-align flex-basis-100 align-self-lg-center align-self-md-center align-self-center\">\n                <!---->\n                <div data-colibri-id=\"177-c14\" class=\"h-global-transition-all h-heading style-1712 style-local-177-c14 position-relative h-element\">\n                  <!---->\n                  <div class=\"h-heading__outer style-1712 style-local-177-c14\">\n                    <!---->\n                    <!---->\n                    <h2 class=\"\">Protuprovalno &#8211; protupo\u017earna vrata BETA EI30 <em style=\"color: rgb(247, 144, 7); font-family: Playfair Display;\"> <\/em><\/h2>\n                  <\/div>\n                <\/div>\n                <div data-colibri-id=\"177-c15\" class=\"h-text h-text-component style-1713 style-local-177-c15 position-relative h-element\">\n                  <!---->\n                  <!---->\n                  <div class=\"\"><\/div>\n                <\/div>\n                <div data-colibri-id=\"177-c16\" class=\"h-x-container style-1714 style-local-177-c16 position-relative h-element\">\n                  <!---->\n                  <div class=\"h-x-container-inner style-dynamic-177-c16-group style-1714-spacing style-local-177-c16-spacing\"><span class=\"h-button__outer style-1715-outer style-local-177-c17-outer d-inline-flex h-element\"><a h-use-smooth-scroll=\"true\" href=\"https:\/\/webstudiodizajn.com.hr\/index.php\/protuprovalno-protupozarna-vrata-beta-ei30\/\"  data-colibri-id=\"177-c17\" class=\"d-flex w-100 align-items-center h-button justify-content-lg-center justify-content-md-center justify-content-center style-1715 style-local-177-c17 position-relative\"><!----><!----> <span>Saznajte vi\u0161e<\/span><\/a>\n                    <\/span>\n                  <\/div>\n                <\/div>\n              <\/div>\n            <\/div>\n          <\/div>\n          <div class=\"h-column h-column-container d-flex h-col-lg-auto h-col-md-auto h-col-auto style-1716-outer style-local-177-c18-outer\">\n            <div data-colibri-id=\"177-c18\" class=\"d-flex h-flex-basis h-column__inner h-px-lg-2 h-px-md-2 h-px-2 v-inner-lg-2 v-inner-md-2 v-inner-2 style-1716 style-local-177-c18 position-relative\">\n              <!---->\n              <!---->\n              <div class=\"w-100 h-y-container h-column__content h-column__v-align flex-basis-100 align-self-lg-start align-self-md-start align-self-start\">\n                <!---->\n                <div data-colibri-id=\"177-c19\" class=\"d-block style-1717 style-local-177-c19 position-relative h-element\">\n                  <!---->\n                  <div class=\"h-image__frame-container-outer\">\n                    <div class=\"h-image__frame-container\">\n                      <!---->\n                      <!---->\n                      <img decoding=\"async\" loading=\"lazy\" width=\"1500\" height=\"2000\" src=\"https:\/\/webstudiodizajn.com.hr\/wp-content\/uploads\/2023\/07\/dole-dole-Beta-sa-futerom-hrast-1-bez-toc.jpg\" class=\"wp-image-2605 style-1717-image style-local-177-c19-image\" srcset=\"https:\/\/webstudiodizajn.com.hr\/wp-content\/uploads\/2023\/07\/dole-dole-Beta-sa-futerom-hrast-1-bez-toc.jpg 1500w, https:\/\/webstudiodizajn.com.hr\/wp-content\/uploads\/2023\/07\/dole-dole-Beta-sa-futerom-hrast-1-bez-toc-225x300.jpg 225w, https:\/\/webstudiodizajn.com.hr\/wp-content\/uploads\/2023\/07\/dole-dole-Beta-sa-futerom-hrast-1-bez-toc-768x1024.jpg 768w, https:\/\/webstudiodizajn.com.hr\/wp-content\/uploads\/2023\/07\/dole-dole-Beta-sa-futerom-hrast-1-bez-toc-1152x1536.jpg 1152w\" sizes=\"(max-width: 1500px) 100vw, 1500px\" alt=\"protuprovalna vrata\" \/>\n                      <div class=\"h-image__frame h-hide-lg h-hide-md h-hide-sm style-1717-frameImage style-local-177-c19-frameImage\"><\/div>\n                    <\/div>\n                  <\/div>\n                <\/div>\n              <\/div>\n            <\/div>\n          <\/div>\n        <\/div>\n      <\/div>\n    <\/div>\n  <\/div>\n<\/div>","protected":false},"excerpt":{"rendered":"<p>Protuprovalno &#8211; protupo\u017earna vrata BETA EI30\/44 dB Saznajte vi\u0161e Protuprovalno &#8211; protupo\u017earna vrata BETA EI30 Saznajte vi\u0161e<\/p>\n","protected":false},"author":1,"featured_media":0,"parent":0,"menu_order":0,"comment_status":"closed","ping_status":"closed","template":"page-templates\/full-width-page.php","meta":{"footnotes":""},"yoast_head":"<!-- This site is optimized with the Yoast SEO plugin v20.10 - https:\/\/yoast.com\/wordpress\/plugins\/seo\/ -->\n<title>Protuprovalno protupo\u017earna vrata\u00a0\u00a0 - KOLNOA VRATA<\/title>\n<meta name=\"robots\" content=\"index, follow, max-snippet:-1, max-image-preview:large, max-video-preview:-1\" \/>\n<link rel=\"canonical\" href=\"https:\/\/webstudiodizajn.com.hr\/index.php\/protuprovalno-protupozarna-vrata\/\" \/>\n<meta property=\"og:locale\" content=\"hr_HR\" \/>\n<meta property=\"og:type\" content=\"article\" \/>\n<meta property=\"og:title\" content=\"Protuprovalno protupo\u017earna vrata\u00a0\u00a0 - KOLNOA VRATA\" \/>\n<meta property=\"og:description\" content=\"Protuprovalno &#8211; protupo\u017earna vrata BETA EI30\/44 dB Saznajte vi\u0161e Protuprovalno &#8211; protupo\u017earna vrata BETA EI30 Saznajte vi\u0161e\" \/>\n<meta property=\"og:url\" content=\"https:\/\/webstudiodizajn.com.hr\/index.php\/protuprovalno-protupozarna-vrata\/\" \/>\n<meta property=\"og:site_name\" content=\"KOLNOA VRATA\" \/>\n<meta property=\"article:modified_time\" content=\"2023-07-26T11:42:48+00:00\" \/>\n<meta property=\"og:image\" content=\"https:\/\/webstudiodizajn.com.hr\/wp-content\/uploads\/2023\/07\/20220527_114718.jpg\" \/>\n<meta name=\"twitter:card\" content=\"summary_large_image\" \/>\n<meta name=\"twitter:label1\" content=\"Procijenjeno vrijeme \u010ditanja\" \/>\n\t<meta name=\"twitter:data1\" content=\"1 minuta\" \/>\n<script type=\"application\/ld+json\" class=\"yoast-schema-graph\">{\"@context\":\"https:\/\/schema.org\",\"@graph\":[{\"@type\":\"WebPage\",\"@id\":\"https:\/\/webstudiodizajn.com.hr\/index.php\/protuprovalno-protupozarna-vrata\/\",\"url\":\"https:\/\/webstudiodizajn.com.hr\/index.php\/protuprovalno-protupozarna-vrata\/\",\"name\":\"Protuprovalno protupo\u017earna vrata\u00a0\u00a0 - KOLNOA VRATA\",\"isPartOf\":{\"@id\":\"https:\/\/webstudiodizajn.com.hr\/#website\"},\"datePublished\":\"2022-05-19T20:25:02+00:00\",\"dateModified\":\"2023-07-26T11:42:48+00:00\",\"breadcrumb\":{\"@id\":\"https:\/\/webstudiodizajn.com.hr\/index.php\/protuprovalno-protupozarna-vrata\/#breadcrumb\"},\"inLanguage\":\"hr\",\"potentialAction\":[{\"@type\":\"ReadAction\",\"target\":[\"https:\/\/webstudiodizajn.com.hr\/index.php\/protuprovalno-protupozarna-vrata\/\"]}]},{\"@type\":\"BreadcrumbList\",\"@id\":\"https:\/\/webstudiodizajn.com.hr\/index.php\/protuprovalno-protupozarna-vrata\/#breadcrumb\",\"itemListElement\":[{\"@type\":\"ListItem\",\"position\":1,\"name\":\"Po\u010detna stranica\",\"item\":\"https:\/\/webstudiodizajn.com.hr\/\"},{\"@type\":\"ListItem\",\"position\":2,\"name\":\"Protuprovalno protupo\u017earna vrata\u00a0\u00a0\"}]},{\"@type\":\"WebSite\",\"@id\":\"https:\/\/webstudiodizajn.com.hr\/#website\",\"url\":\"https:\/\/webstudiodizajn.com.hr\/\",\"name\":\"KOLNOA VRATA\",\"description\":\"Va\u0161a sigurnost\",\"publisher\":{\"@id\":\"https:\/\/webstudiodizajn.com.hr\/#organization\"},\"potentialAction\":[{\"@type\":\"SearchAction\",\"target\":{\"@type\":\"EntryPoint\",\"urlTemplate\":\"https:\/\/webstudiodizajn.com.hr\/?s={search_term_string}\"},\"query-input\":\"required name=search_term_string\"}],\"inLanguage\":\"hr\"},{\"@type\":\"Organization\",\"@id\":\"https:\/\/webstudiodizajn.com.hr\/#organization\",\"name\":\"KOLNOA VRATA\",\"url\":\"https:\/\/webstudiodizajn.com.hr\/\",\"logo\":{\"@type\":\"ImageObject\",\"inLanguage\":\"hr\",\"@id\":\"https:\/\/webstudiodizajn.com.hr\/#\/schema\/logo\/image\/\",\"url\":\"https:\/\/webstudiodizajn.com.hr\/wp-content\/uploads\/2022\/06\/Kolnoa-Vrata-logo-ai1-white.png\",\"contentUrl\":\"https:\/\/webstudiodizajn.com.hr\/wp-content\/uploads\/2022\/06\/Kolnoa-Vrata-logo-ai1-white.png\",\"width\":977,\"height\":233,\"caption\":\"KOLNOA VRATA\"},\"image\":{\"@id\":\"https:\/\/webstudiodizajn.com.hr\/#\/schema\/logo\/image\/\"}}]}<\/script>\n<!-- \/ Yoast SEO plugin. -->","yoast_head_json":{"title":"Protuprovalno protupo\u017earna vrata\u00a0\u00a0 - KOLNOA VRATA","robots":{"index":"index","follow":"follow","max-snippet":"max-snippet:-1","max-image-preview":"max-image-preview:large","max-video-preview":"max-video-preview:-1"},"canonical":"https:\/\/webstudiodizajn.com.hr\/index.php\/protuprovalno-protupozarna-vrata\/","og_locale":"hr_HR","og_type":"article","og_title":"Protuprovalno protupo\u017earna vrata\u00a0\u00a0 - KOLNOA VRATA","og_description":"Protuprovalno &#8211; protupo\u017earna vrata BETA EI30\/44 dB Saznajte vi\u0161e Protuprovalno &#8211; protupo\u017earna vrata BETA EI30 Saznajte vi\u0161e","og_url":"https:\/\/webstudiodizajn.com.hr\/index.php\/protuprovalno-protupozarna-vrata\/","og_site_name":"KOLNOA VRATA","article_modified_time":"2023-07-26T11:42:48+00:00","og_image":[{"url":"https:\/\/webstudiodizajn.com.hr\/wp-content\/uploads\/2023\/07\/20220527_114718.jpg"}],"twitter_card":"summary_large_image","twitter_misc":{"Procijenjeno vrijeme \u010ditanja":"1 minuta"},"schema":{"@context":"https:\/\/schema.org","@graph":[{"@type":"WebPage","@id":"https:\/\/webstudiodizajn.com.hr\/index.php\/protuprovalno-protupozarna-vrata\/","url":"https:\/\/webstudiodizajn.com.hr\/index.php\/protuprovalno-protupozarna-vrata\/","name":"Protuprovalno protupo\u017earna vrata\u00a0\u00a0 - KOLNOA VRATA","isPartOf":{"@id":"https:\/\/webstudiodizajn.com.hr\/#website"},"datePublished":"2022-05-19T20:25:02+00:00","dateModified":"2023-07-26T11:42:48+00:00","breadcrumb":{"@id":"https:\/\/webstudiodizajn.com.hr\/index.php\/protuprovalno-protupozarna-vrata\/#breadcrumb"},"inLanguage":"hr","potentialAction":[{"@type":"ReadAction","target":["https:\/\/webstudiodizajn.com.hr\/index.php\/protuprovalno-protupozarna-vrata\/"]}]},{"@type":"BreadcrumbList","@id":"https:\/\/webstudiodizajn.com.hr\/index.php\/protuprovalno-protupozarna-vrata\/#breadcrumb","itemListElement":[{"@type":"ListItem","position":1,"name":"Po\u010detna stranica","item":"https:\/\/webstudiodizajn.com.hr\/"},{"@type":"ListItem","position":2,"name":"Protuprovalno protupo\u017earna vrata\u00a0\u00a0"}]},{"@type":"WebSite","@id":"https:\/\/webstudiodizajn.com.hr\/#website","url":"https:\/\/webstudiodizajn.com.hr\/","name":"KOLNOA VRATA","description":"Va\u0161a sigurnost","publisher":{"@id":"https:\/\/webstudiodizajn.com.hr\/#organization"},"potentialAction":[{"@type":"SearchAction","target":{"@type":"EntryPoint","urlTemplate":"https:\/\/webstudiodizajn.com.hr\/?s={search_term_string}"},"query-input":"required name=search_term_string"}],"inLanguage":"hr"},{"@type":"Organization","@id":"https:\/\/webstudiodizajn.com.hr\/#organization","name":"KOLNOA VRATA","url":"https:\/\/webstudiodizajn.com.hr\/","logo":{"@type":"ImageObject","inLanguage":"hr","@id":"https:\/\/webstudiodizajn.com.hr\/#\/schema\/logo\/image\/","url":"https:\/\/webstudiodizajn.com.hr\/wp-content\/uploads\/2022\/06\/Kolnoa-Vrata-logo-ai1-white.png","contentUrl":"https:\/\/webstudiodizajn.com.hr\/wp-content\/uploads\/2022\/06\/Kolnoa-Vrata-logo-ai1-white.png","width":977,"height":233,"caption":"KOLNOA VRATA"},"image":{"@id":"https:\/\/webstudiodizajn.com.hr\/#\/schema\/logo\/image\/"}}]}},"_links":{"self":[{"href":"https:\/\/webstudiodizajn.com.hr\/index.php\/wp-json\/wp\/v2\/pages\/177"}],"collection":[{"href":"https:\/\/webstudiodizajn.com.hr\/index.php\/wp-json\/wp\/v2\/pages"}],"about":[{"href":"https:\/\/webstudiodizajn.com.hr\/index.php\/wp-json\/wp\/v2\/types\/page"}],"author":[{"embeddable":true,"href":"https:\/\/webstudiodizajn.com.hr\/index.php\/wp-json\/wp\/v2\/users\/1"}],"replies":[{"embeddable":true,"href":"https:\/\/webstudiodizajn.com.hr\/index.php\/wp-json\/wp\/v2\/comments?post=177"}],"version-history":[{"count":15,"href":"https:\/\/webstudiodizajn.com.hr\/index.php\/wp-json\/wp\/v2\/pages\/177\/revisions"}],"predecessor-version":[{"id":2844,"href":"https:\/\/webstudiodizajn.com.hr\/index.php\/wp-json\/wp\/v2\/pages\/177\/revisions\/2844"}],"wp:attachment":[{"href":"https:\/\/webstudiodizajn.com.hr\/index.php\/wp-json\/wp\/v2\/media?parent=177"}],"curies":[{"name":"wp","href":"https:\/\/api.w.org\/{rel}","templated":true}]}}