{"id":2280,"date":"2023-07-02T14:36:12","date_gmt":"2023-07-02T14:36:12","guid":{"rendered":"https:\/\/webstudiodizajn.com.hr\/?page_id=2280"},"modified":"2023-07-02T14:39:03","modified_gmt":"2023-07-02T14:39:03","slug":"celicna-dvokrilna-protupozarna-ostakljena-vrata","status":"publish","type":"page","link":"https:\/\/webstudiodizajn.com.hr\/index.php\/celicna-dvokrilna-protupozarna-ostakljena-vrata\/","title":{"rendered":"\u010celi\u010dna dvokrilna protupo\u017earna ostakljena vrata"},"content":{"rendered":"<div data-colibri-id=\"2280-c1\" class=\"style-1488 style-local-2280-c1 position-relative\">\n  <!---->\n  <div data-colibri-component=\"section\" data-colibri-id=\"2280-c2\" id=\"reusable-sections\" class=\"h-section h-section-global-spacing d-flex align-items-lg-center align-items-md-center align-items-center style-1489 style-local-2280-c2 position-relative\">\n    <!---->\n    <!---->\n    <div class=\"h-section-grid-container h-section-boxed-container\">\n      <!---->\n      <div data-colibri-id=\"2280-c3\" class=\"h-row-container gutters-row-lg-2 gutters-row-md-2 gutters-row-0 gutters-row-v-lg-2 gutters-row-v-md-2 gutters-row-v-2 style-1490 style-local-2280-c3 position-relative\">\n        <!---->\n        <div class=\"h-row justify-content-lg-center justify-content-md-center justify-content-center align-items-lg-stretch align-items-md-stretch align-items-stretch gutters-col-lg-2 gutters-col-md-2 gutters-col-0 gutters-col-v-lg-2 gutters-col-v-md-2 gutters-col-v-2\">\n          <!---->\n          <div class=\"h-column h-column-container d-flex h-col-lg-auto h-col-md-auto h-col-auto style-1491-outer style-local-2280-c4-outer\">\n            <div data-colibri-id=\"2280-c4\" class=\"d-flex h-flex-basis h-column__inner h-px-lg-2 h-px-md-2 h-px-2 v-inner-lg-2 v-inner-md-2 v-inner-2 style-1491 style-local-2280-c4 position-relative\">\n              <!---->\n              <!---->\n              <div class=\"w-100 h-y-container h-column__content h-column__v-align flex-basis-100 align-self-lg-start align-self-md-start align-self-start\">\n                <!---->\n                <div data-colibri-id=\"2280-c5\" class=\"h-global-transition-all h-heading style-1492 style-local-2280-c5 position-relative h-element\">\n                  <!---->\n                  <div class=\"h-heading__outer style-1492 style-local-2280-c5\">\n                    <!---->\n                    <!---->\n                    <h2 class=\"\">\u010celi\u010dna dvokrilna protupo\u017earna ostakljena vrata<\/h2>\n                  <\/div>\n                <\/div>\n              <\/div>\n            <\/div>\n          <\/div>\n        <\/div>\n      <\/div>\n      <div data-colibri-id=\"2280-c6\" class=\"h-row-container gutters-row-lg-0 gutters-row-md-0 gutters-row-0 gutters-row-v-lg-0 gutters-row-v-md-0 gutters-row-v-0 style-1493 style-local-2280-c6 position-relative\">\n        <!---->\n        <div class=\"h-row justify-content-lg-center justify-content-md-center justify-content-center align-items-lg-stretch align-items-md-stretch align-items-stretch gutters-col-lg-0 gutters-col-md-0 gutters-col-0 gutters-col-v-lg-0 gutters-col-v-md-0 gutters-col-v-0\">\n          <!---->\n          <div class=\"h-column h-column-container d-flex h-col-lg-auto h-col-md-auto h-col-auto style-1494-outer style-local-2280-c7-outer\">\n            <div data-colibri-id=\"2280-c7\" class=\"d-flex h-flex-basis h-column__inner h-ui-empty-state-container h-px-lg-0 h-px-md-0 h-px-0 v-inner-lg-0 v-inner-md-0 v-inner-0 style-1494 style-local-2280-c7 position-relative\">\n              <!---->\n              <!---->\n              <div class=\"w-100 h-y-container h-column__content h-column__v-align flex-basis-100\">\n                <!---->\n              <\/div>\n            <\/div>\n          <\/div>\n          <div class=\"h-column h-column-container d-flex h-col-lg-auto h-col-md-auto h-col-auto style-1495-outer style-local-2280-c8-outer\">\n            <div data-colibri-id=\"2280-c8\" class=\"d-flex h-flex-basis h-column__inner h-px-lg-2 h-px-md-2 h-px-2 v-inner-lg-2 v-inner-md-2 v-inner-2 style-1495 style-local-2280-c8 position-relative\">\n              <!---->\n              <!---->\n              <div class=\"w-100 h-y-container h-column__content h-column__v-align flex-basis-100 align-self-lg-start align-self-md-start align-self-start\">\n                <!---->\n                <div data-colibri-id=\"2280-c9\" class=\"h-text h-text-component style-1496 style-local-2280-c9 position-relative h-element\">\n                  <!---->\n                  <!---->\n                  <div class=\"\">\n                    <p><strong>Oprema vrata<\/strong><\/p>\n                    <ul>\n                      <li>Dvokrilna metalna vrata&nbsp;<\/li>\n                      <li>Sa ostakljenjem na jednom ili na oba krila<\/li>\n                      <li>Visoko kvalitetni panti s mogu\u0107no\u0161\u0107u pode\u0161avanja<\/li>\n                      <li>Izra\u0111ena od pocin\u010danog \u010deli\u010dnog lima i ispunjena protupo\u017earnom ispunom&nbsp;<\/li>\n                      <li>Plastificirana u standardnoj bijeloj boji&nbsp;<\/li>\n                      <li>Metalni kromirani okov<\/li>\n                      <li>Ekspandiraju\u0107e brtve<\/li>\n                      <li>Hidrauli\u010dni zatvara\u010d vrata<\/li>\n                    <\/ul>\n                    <p><strong>Opcije:&nbsp;<\/strong><\/p>\n                    <ul>\n                      <li>Ugradnja panik brave&nbsp;<\/li>\n                      <li>Ugradnja elektroprihvatnika&nbsp;ili elektromagnetske brave<\/li>\n                      <li>Sve RAL boje po narud\u017ebi<\/li>\n                    <\/ul>\n                    <p><strong>Pripadaju\u0107i certifikati:<\/strong><\/p>\n                    <ul>\n                      <li>Protupo\u017earni razred T90 sukladno normi HRN DIN 4102-5<\/li>\n                    <\/ul>\n                    <p>\n                      <br>\n                    <\/p>\n                  <\/div>\n                <\/div>\n              <\/div>\n            <\/div>\n          <\/div>\n        <\/div>\n      <\/div>\n    <\/div>\n  <\/div>\n  <div data-colibri-component=\"section\" data-colibri-id=\"2280-c10\" id=\"reusable-sections-2\" class=\"h-section h-section-global-spacing d-flex align-items-lg-center align-items-md-center align-items-center style-1497 style-local-2280-c10 position-relative\">\n    <!---->\n    <!---->\n    <div class=\"h-section-grid-container h-section-boxed-container\">\n      <div data-colibri-id=\"2280-c15\" class=\"h-row-container gutters-row-lg-1 gutters-row-md-1 gutters-row-2 gutters-row-v-lg-1 gutters-row-v-md-1 gutters-row-v-1 style-1502 style-local-2280-c15 position-relative\">\n        <!---->\n        <div class=\"h-row justify-content-lg-center justify-content-md-center justify-content-center align-items-lg-stretch align-items-md-stretch align-items-stretch gutters-col-lg-1 gutters-col-md-1 gutters-col-2 gutters-col-v-lg-1 gutters-col-v-md-1 gutters-col-v-1\">\n          <!---->\n          <div class=\"h-column h-column-container d-flex h-col-lg-auto h-col-md-auto h-col-auto style-1503-outer style-local-2280-c16-outer\">\n            <div data-colibri-id=\"2280-c16\" class=\"d-flex h-flex-basis h-column__inner h-px-lg-1 h-px-md-1 h-px-2 v-inner-lg-1 v-inner-md-1 v-inner-2 style-1503 style-local-2280-c16 position-relative\">\n              <!---->\n              <!---->\n              <div class=\"w-100 h-y-container h-column__content h-column__v-align flex-basis-100 align-self-lg-start align-self-md-start align-self-start\">\n                <!---->\n                <div data-colibri-id=\"2280-c17\" class=\"h-lead h-text h-text-component style-1504 style-local-2280-c17 position-relative h-element\">\n                  <!---->\n                  <!---->\n                  <div class=\"\">\n                    <p>Za sve informacije po\u0161aljite upit putem na\u0161e kontakt forme.<\/p>\n                  <\/div>\n                <\/div>\n                <div data-colibri-id=\"2280-c18\" class=\"h-x-container style-1505 style-local-2280-c18 position-relative h-element\">\n                  <!---->\n                  <div class=\"h-x-container-inner style-dynamic-2280-c18-group style-1505-spacing style-local-2280-c18-spacing\"><span class=\"h-button__outer style-1506-outer style-local-2280-c19-outer d-inline-flex h-element\"><a h-use-smooth-scroll=\"true\" href=\"https:\/\/webstudiodizajn.com.hr\/index.php\/kontakt\/\"  data-colibri-id=\"2280-c19\" class=\"d-flex w-100 align-items-center h-button justify-content-lg-center justify-content-md-center justify-content-center style-1506 style-local-2280-c19 position-relative\"><!----><!----> <span>PO\u0160ALJI UPIT<\/span><\/a>\n                    <\/span>\n                  <\/div>\n                <\/div>\n              <\/div>\n            <\/div>\n          <\/div>\n        <\/div>\n      <\/div>\n      <div data-colibri-id=\"2280-c11\" class=\"h-row-container gutters-row-lg-0 gutters-row-md-0 gutters-row-0 gutters-row-v-lg-0 gutters-row-v-md-0 gutters-row-v-0 style-1498 style-local-2280-c11 h-overflow-hidden position-relative\">\n        <!---->\n        <div class=\"h-row justify-content-lg-center justify-content-md-center justify-content-center align-items-lg-end align-items-md-end align-items-end gutters-col-lg-0 gutters-col-md-0 gutters-col-0 gutters-col-v-lg-0 gutters-col-v-md-0 gutters-col-v-0\">\n          <!---->\n          <div class=\"h-column h-column-container d-flex h-col-lg h-col-md h-col-auto align-self-lg-end align-self-md-end align-self-end style-1499-outer style-local-2280-c12-outer\">\n            <div data-colibri-id=\"2280-c12\" class=\"d-flex h-flex-basis h-column__inner h-ui-empty-state-container h-px-lg-0 h-px-md-0 h-px-0 v-inner-lg-0 v-inner-md-0 v-inner-0 style-1499 style-local-2280-c12 position-relative\">\n              <!---->\n              <!---->\n              <div class=\"w-100 h-y-container h-column__content h-column__v-align flex-basis-100\">\n                <!---->\n              <\/div>\n            <\/div>\n          <\/div>\n          <div class=\"h-column h-column-container d-flex h-col-lg-auto h-col-md-auto h-col-auto align-self-lg-end align-self-md-end align-self-end style-1500-outer style-local-2280-c13-outer\">\n            <div data-colibri-id=\"2280-c13\" class=\"d-flex h-flex-basis h-column__inner h-ui-empty-state-container h-px-lg-0 h-px-md-0 h-px-0 v-inner-lg-0 v-inner-md-0 v-inner-0 style-1500 style-local-2280-c13 position-relative\">\n              <!---->\n              <!---->\n              <div class=\"w-100 h-y-container h-column__content h-column__v-align flex-basis-100\">\n                <!---->\n              <\/div>\n            <\/div>\n          <\/div>\n          <div class=\"h-column h-column-container d-flex h-col-lg-auto h-col-md-auto h-col-auto align-self-lg-end align-self-md-end align-self-end style-1501-outer style-local-2280-c14-outer\">\n            <div data-colibri-id=\"2280-c14\" class=\"d-flex h-flex-basis h-column__inner h-ui-empty-state-container h-px-lg-0 h-px-md-0 h-px-0 v-inner-lg-0 v-inner-md-0 v-inner-0 style-1501 style-local-2280-c14 position-relative\">\n              <!---->\n              <!---->\n              <div class=\"w-100 h-y-container h-column__content h-column__v-align flex-basis-100\">\n                <!---->\n              <\/div>\n            <\/div>\n          <\/div>\n        <\/div>\n      <\/div>\n    <\/div>\n  <\/div>\n<\/div>","protected":false},"excerpt":{"rendered":"<p>\u010celi\u010dna dvokrilna protupo\u017earna ostakljena vrata Oprema vrata Dvokrilna metalna vrata&nbsp; Sa ostakljenjem na jednom ili na oba krila Visoko kvalitetni panti s mogu\u0107no\u0161\u0107u pode\u0161avanja Izra\u0111ena od pocin\u010danog \u010deli\u010dnog lima i ispunjena protupo\u017earnom ispunom&nbsp; Plastificirana u standardnoj bijeloj boji&nbsp; Metalni kromirani okov Ekspandiraju\u0107e brtve Hidrauli\u010dni zatvara\u010d vrata Opcije:&nbsp; Ugradnja panik brave&nbsp; Ugradnja elektroprihvatnika&nbsp;ili elektromagnetske brave Sve [&hellip;]<\/p>\n","protected":false},"author":1,"featured_media":0,"parent":0,"menu_order":0,"comment_status":"closed","ping_status":"closed","template":"page-templates\/full-width-page.php","meta":{"footnotes":""},"yoast_head":"<!-- This site is optimized with the Yoast SEO plugin v20.10 - https:\/\/yoast.com\/wordpress\/plugins\/seo\/ -->\n<title>\u010celi\u010dna dvokrilna protupo\u017earna ostakljena vrata - KOLNOA VRATA<\/title>\n<meta name=\"robots\" content=\"index, follow, max-snippet:-1, max-image-preview:large, max-video-preview:-1\" \/>\n<link rel=\"canonical\" href=\"https:\/\/webstudiodizajn.com.hr\/index.php\/celicna-dvokrilna-protupozarna-ostakljena-vrata\/\" \/>\n<meta property=\"og:locale\" content=\"hr_HR\" \/>\n<meta property=\"og:type\" content=\"article\" \/>\n<meta property=\"og:title\" content=\"\u010celi\u010dna dvokrilna protupo\u017earna ostakljena vrata - KOLNOA VRATA\" \/>\n<meta property=\"og:description\" content=\"\u010celi\u010dna dvokrilna protupo\u017earna ostakljena vrata Oprema vrata Dvokrilna metalna vrata&nbsp; Sa ostakljenjem na jednom ili na oba krila Visoko kvalitetni panti s mogu\u0107no\u0161\u0107u pode\u0161avanja Izra\u0111ena od pocin\u010danog \u010deli\u010dnog lima i ispunjena protupo\u017earnom ispunom&nbsp; Plastificirana u standardnoj bijeloj boji&nbsp; Metalni kromirani okov Ekspandiraju\u0107e brtve Hidrauli\u010dni zatvara\u010d vrata Opcije:&nbsp; Ugradnja panik brave&nbsp; Ugradnja elektroprihvatnika&nbsp;ili elektromagnetske brave Sve [&hellip;]\" \/>\n<meta property=\"og:url\" content=\"https:\/\/webstudiodizajn.com.hr\/index.php\/celicna-dvokrilna-protupozarna-ostakljena-vrata\/\" \/>\n<meta property=\"og:site_name\" content=\"KOLNOA VRATA\" \/>\n<meta property=\"article:modified_time\" content=\"2023-07-02T14:39:03+00:00\" \/>\n<meta name=\"twitter:card\" content=\"summary_large_image\" \/>\n<script type=\"application\/ld+json\" class=\"yoast-schema-graph\">{\"@context\":\"https:\/\/schema.org\",\"@graph\":[{\"@type\":\"WebPage\",\"@id\":\"https:\/\/webstudiodizajn.com.hr\/index.php\/celicna-dvokrilna-protupozarna-ostakljena-vrata\/\",\"url\":\"https:\/\/webstudiodizajn.com.hr\/index.php\/celicna-dvokrilna-protupozarna-ostakljena-vrata\/\",\"name\":\"\u010celi\u010dna dvokrilna protupo\u017earna ostakljena vrata - KOLNOA VRATA\",\"isPartOf\":{\"@id\":\"https:\/\/webstudiodizajn.com.hr\/#website\"},\"datePublished\":\"2023-07-02T14:36:12+00:00\",\"dateModified\":\"2023-07-02T14:39:03+00:00\",\"breadcrumb\":{\"@id\":\"https:\/\/webstudiodizajn.com.hr\/index.php\/celicna-dvokrilna-protupozarna-ostakljena-vrata\/#breadcrumb\"},\"inLanguage\":\"hr\",\"potentialAction\":[{\"@type\":\"ReadAction\",\"target\":[\"https:\/\/webstudiodizajn.com.hr\/index.php\/celicna-dvokrilna-protupozarna-ostakljena-vrata\/\"]}]},{\"@type\":\"BreadcrumbList\",\"@id\":\"https:\/\/webstudiodizajn.com.hr\/index.php\/celicna-dvokrilna-protupozarna-ostakljena-vrata\/#breadcrumb\",\"itemListElement\":[{\"@type\":\"ListItem\",\"position\":1,\"name\":\"Po\u010detna stranica\",\"item\":\"https:\/\/webstudiodizajn.com.hr\/\"},{\"@type\":\"ListItem\",\"position\":2,\"name\":\"\u010celi\u010dna dvokrilna protupo\u017earna ostakljena vrata\"}]},{\"@type\":\"WebSite\",\"@id\":\"https:\/\/webstudiodizajn.com.hr\/#website\",\"url\":\"https:\/\/webstudiodizajn.com.hr\/\",\"name\":\"KOLNOA VRATA\",\"description\":\"Va\u0161a sigurnost\",\"publisher\":{\"@id\":\"https:\/\/webstudiodizajn.com.hr\/#organization\"},\"potentialAction\":[{\"@type\":\"SearchAction\",\"target\":{\"@type\":\"EntryPoint\",\"urlTemplate\":\"https:\/\/webstudiodizajn.com.hr\/?s={search_term_string}\"},\"query-input\":\"required name=search_term_string\"}],\"inLanguage\":\"hr\"},{\"@type\":\"Organization\",\"@id\":\"https:\/\/webstudiodizajn.com.hr\/#organization\",\"name\":\"KOLNOA VRATA\",\"url\":\"https:\/\/webstudiodizajn.com.hr\/\",\"logo\":{\"@type\":\"ImageObject\",\"inLanguage\":\"hr\",\"@id\":\"https:\/\/webstudiodizajn.com.hr\/#\/schema\/logo\/image\/\",\"url\":\"https:\/\/webstudiodizajn.com.hr\/wp-content\/uploads\/2022\/06\/Kolnoa-Vrata-logo-ai1-white.png\",\"contentUrl\":\"https:\/\/webstudiodizajn.com.hr\/wp-content\/uploads\/2022\/06\/Kolnoa-Vrata-logo-ai1-white.png\",\"width\":977,\"height\":233,\"caption\":\"KOLNOA VRATA\"},\"image\":{\"@id\":\"https:\/\/webstudiodizajn.com.hr\/#\/schema\/logo\/image\/\"}}]}<\/script>\n<!-- \/ Yoast SEO plugin. -->","yoast_head_json":{"title":"\u010celi\u010dna dvokrilna protupo\u017earna ostakljena vrata - KOLNOA VRATA","robots":{"index":"index","follow":"follow","max-snippet":"max-snippet:-1","max-image-preview":"max-image-preview:large","max-video-preview":"max-video-preview:-1"},"canonical":"https:\/\/webstudiodizajn.com.hr\/index.php\/celicna-dvokrilna-protupozarna-ostakljena-vrata\/","og_locale":"hr_HR","og_type":"article","og_title":"\u010celi\u010dna dvokrilna protupo\u017earna ostakljena vrata - KOLNOA VRATA","og_description":"\u010celi\u010dna dvokrilna protupo\u017earna ostakljena vrata Oprema vrata Dvokrilna metalna vrata&nbsp; Sa ostakljenjem na jednom ili na oba krila Visoko kvalitetni panti s mogu\u0107no\u0161\u0107u pode\u0161avanja Izra\u0111ena od pocin\u010danog \u010deli\u010dnog lima i ispunjena protupo\u017earnom ispunom&nbsp; Plastificirana u standardnoj bijeloj boji&nbsp; Metalni kromirani okov Ekspandiraju\u0107e brtve Hidrauli\u010dni zatvara\u010d vrata Opcije:&nbsp; Ugradnja panik brave&nbsp; Ugradnja elektroprihvatnika&nbsp;ili elektromagnetske brave Sve [&hellip;]","og_url":"https:\/\/webstudiodizajn.com.hr\/index.php\/celicna-dvokrilna-protupozarna-ostakljena-vrata\/","og_site_name":"KOLNOA VRATA","article_modified_time":"2023-07-02T14:39:03+00:00","twitter_card":"summary_large_image","schema":{"@context":"https:\/\/schema.org","@graph":[{"@type":"WebPage","@id":"https:\/\/webstudiodizajn.com.hr\/index.php\/celicna-dvokrilna-protupozarna-ostakljena-vrata\/","url":"https:\/\/webstudiodizajn.com.hr\/index.php\/celicna-dvokrilna-protupozarna-ostakljena-vrata\/","name":"\u010celi\u010dna dvokrilna protupo\u017earna ostakljena vrata - KOLNOA VRATA","isPartOf":{"@id":"https:\/\/webstudiodizajn.com.hr\/#website"},"datePublished":"2023-07-02T14:36:12+00:00","dateModified":"2023-07-02T14:39:03+00:00","breadcrumb":{"@id":"https:\/\/webstudiodizajn.com.hr\/index.php\/celicna-dvokrilna-protupozarna-ostakljena-vrata\/#breadcrumb"},"inLanguage":"hr","potentialAction":[{"@type":"ReadAction","target":["https:\/\/webstudiodizajn.com.hr\/index.php\/celicna-dvokrilna-protupozarna-ostakljena-vrata\/"]}]},{"@type":"BreadcrumbList","@id":"https:\/\/webstudiodizajn.com.hr\/index.php\/celicna-dvokrilna-protupozarna-ostakljena-vrata\/#breadcrumb","itemListElement":[{"@type":"ListItem","position":1,"name":"Po\u010detna stranica","item":"https:\/\/webstudiodizajn.com.hr\/"},{"@type":"ListItem","position":2,"name":"\u010celi\u010dna dvokrilna protupo\u017earna ostakljena vrata"}]},{"@type":"WebSite","@id":"https:\/\/webstudiodizajn.com.hr\/#website","url":"https:\/\/webstudiodizajn.com.hr\/","name":"KOLNOA VRATA","description":"Va\u0161a sigurnost","publisher":{"@id":"https:\/\/webstudiodizajn.com.hr\/#organization"},"potentialAction":[{"@type":"SearchAction","target":{"@type":"EntryPoint","urlTemplate":"https:\/\/webstudiodizajn.com.hr\/?s={search_term_string}"},"query-input":"required name=search_term_string"}],"inLanguage":"hr"},{"@type":"Organization","@id":"https:\/\/webstudiodizajn.com.hr\/#organization","name":"KOLNOA VRATA","url":"https:\/\/webstudiodizajn.com.hr\/","logo":{"@type":"ImageObject","inLanguage":"hr","@id":"https:\/\/webstudiodizajn.com.hr\/#\/schema\/logo\/image\/","url":"https:\/\/webstudiodizajn.com.hr\/wp-content\/uploads\/2022\/06\/Kolnoa-Vrata-logo-ai1-white.png","contentUrl":"https:\/\/webstudiodizajn.com.hr\/wp-content\/uploads\/2022\/06\/Kolnoa-Vrata-logo-ai1-white.png","width":977,"height":233,"caption":"KOLNOA VRATA"},"image":{"@id":"https:\/\/webstudiodizajn.com.hr\/#\/schema\/logo\/image\/"}}]}},"_links":{"self":[{"href":"https:\/\/webstudiodizajn.com.hr\/index.php\/wp-json\/wp\/v2\/pages\/2280"}],"collection":[{"href":"https:\/\/webstudiodizajn.com.hr\/index.php\/wp-json\/wp\/v2\/pages"}],"about":[{"href":"https:\/\/webstudiodizajn.com.hr\/index.php\/wp-json\/wp\/v2\/types\/page"}],"author":[{"embeddable":true,"href":"https:\/\/webstudiodizajn.com.hr\/index.php\/wp-json\/wp\/v2\/users\/1"}],"replies":[{"embeddable":true,"href":"https:\/\/webstudiodizajn.com.hr\/index.php\/wp-json\/wp\/v2\/comments?post=2280"}],"version-history":[{"count":2,"href":"https:\/\/webstudiodizajn.com.hr\/index.php\/wp-json\/wp\/v2\/pages\/2280\/revisions"}],"predecessor-version":[{"id":2284,"href":"https:\/\/webstudiodizajn.com.hr\/index.php\/wp-json\/wp\/v2\/pages\/2280\/revisions\/2284"}],"wp:attachment":[{"href":"https:\/\/webstudiodizajn.com.hr\/index.php\/wp-json\/wp\/v2\/media?parent=2280"}],"curies":[{"name":"wp","href":"https:\/\/api.w.org\/{rel}","templated":true}]}}