{"id":369,"date":"2022-05-21T22:48:13","date_gmt":"2022-05-21T22:48:13","guid":{"rendered":"https:\/\/webstudiodizajn.com.hr\/?page_id=369"},"modified":"2023-07-19T08:22:42","modified_gmt":"2023-07-19T08:22:42","slug":"zaposljavamo","status":"publish","type":"page","link":"https:\/\/webstudiodizajn.com.hr\/index.php\/zaposljavamo\/","title":{"rendered":"Zaposljavamo"},"content":{"rendered":"<div data-colibri-id=\"369-c1\" class=\"style-370 style-local-369-c1 position-relative\">\n  <!---->\n  <div data-colibri-component=\"section\" data-colibri-id=\"369-c2\" id=\"custom\" class=\"h-section h-section-global-spacing d-flex align-items-lg-center align-items-md-center align-items-center style-371 style-local-369-c2 position-relative\">\n    <!---->\n    <!---->\n    <div class=\"h-section-grid-container h-section-boxed-container\">\n      <!---->\n      <div data-colibri-id=\"369-c3\" class=\"h-row-container gutters-row-lg-2 gutters-row-md-2 gutters-row-0 gutters-row-v-lg-2 gutters-row-v-md-2 gutters-row-v-2 style-372 style-local-369-c3 position-relative\">\n        <!---->\n        <div class=\"h-row justify-content-lg-center justify-content-md-center justify-content-center align-items-lg-stretch align-items-md-stretch align-items-stretch gutters-col-lg-2 gutters-col-md-2 gutters-col-0 gutters-col-v-lg-2 gutters-col-v-md-2 gutters-col-v-2\">\n          <!---->\n          <div class=\"h-column h-column-container d-flex h-col-lg-auto h-col-md-auto h-col-auto style-374-outer style-local-369-c4-outer\">\n            <div data-colibri-id=\"369-c4\" class=\"d-flex h-flex-basis h-column__inner h-px-lg-2 h-px-md-2 h-px-2 v-inner-lg-2 v-inner-md-2 v-inner-2 style-374 style-local-369-c4 position-relative\">\n              <!---->\n              <!---->\n              <div class=\"w-100 h-y-container h-column__content h-column__v-align flex-basis-100 align-self-lg-start align-self-md-start align-self-start\">\n                <!---->\n                <div data-colibri-id=\"369-c5\" class=\"h-text h-text-component style-381 style-local-369-c5 position-relative h-element\">\n                  <!---->\n                  <!---->\n                  <div class=\"\">\n                    <p>Tvrtka Kolnoa vrata je u stalnoj potrazi za kvalitetnim, odgovornim i stru\u010dnim djelatnicima za rad u proizvodnji i monta\u017ei protupo\u017earnih i protuprovalnih vrata.<\/p>\n                    <p>\n                      <br>\n                    <\/p>\n                  <\/div>\n                <\/div>\n                <div data-colibri-id=\"369-c6\" class=\"h-x-container style-382 style-local-369-c6 position-relative h-element\">\n                  <!---->\n                  <div class=\"h-x-container-inner style-dynamic-369-c6-group style-382-spacing style-local-369-c6-spacing\"><span class=\"h-button__outer style-383-outer style-local-369-c7-outer d-inline-flex h-element\"><a h-use-smooth-scroll=\"true\" href=\"https:\/\/webstudiodizajn.com.hr\/index.php\/kontakt\/\"  data-colibri-id=\"369-c7\" class=\"d-flex w-100 align-items-center h-button justify-content-lg-center justify-content-md-center justify-content-center style-383 style-local-369-c7 position-relative\"><!----><!----> <span>PRIJAVI SE<\/span><\/a>\n                    <\/span>\n                  <\/div>\n                <\/div>\n              <\/div>\n            <\/div>\n          <\/div>\n        <\/div>\n      <\/div>\n    <\/div>\n  <\/div>\n<\/div>","protected":false},"excerpt":{"rendered":"<p>Tvrtka Kolnoa vrata je u stalnoj potrazi za kvalitetnim, odgovornim i stru\u010dnim djelatnicima za rad u proizvodnji i monta\u017ei protupo\u017earnih i protuprovalnih vrata. PRIJAVI SE<\/p>\n","protected":false},"author":1,"featured_media":0,"parent":0,"menu_order":0,"comment_status":"closed","ping_status":"closed","template":"page-templates\/full-width-page.php","meta":{"footnotes":""},"yoast_head":"<!-- This site is optimized with the Yoast SEO plugin v20.10 - https:\/\/yoast.com\/wordpress\/plugins\/seo\/ -->\n<title>Zaposljavamo - KOLNOA VRATA<\/title>\n<meta name=\"robots\" content=\"index, follow, max-snippet:-1, max-image-preview:large, max-video-preview:-1\" \/>\n<link rel=\"canonical\" href=\"https:\/\/webstudiodizajn.com.hr\/index.php\/zaposljavamo\/\" \/>\n<meta property=\"og:locale\" content=\"hr_HR\" \/>\n<meta property=\"og:type\" content=\"article\" \/>\n<meta property=\"og:title\" content=\"Zaposljavamo - KOLNOA VRATA\" \/>\n<meta property=\"og:description\" content=\"Tvrtka Kolnoa vrata je u stalnoj potrazi za kvalitetnim, odgovornim i stru\u010dnim djelatnicima za rad u proizvodnji i monta\u017ei protupo\u017earnih i protuprovalnih vrata. PRIJAVI SE\" \/>\n<meta property=\"og:url\" content=\"https:\/\/webstudiodizajn.com.hr\/index.php\/zaposljavamo\/\" \/>\n<meta property=\"og:site_name\" content=\"KOLNOA VRATA\" \/>\n<meta property=\"article:modified_time\" content=\"2023-07-19T08:22:42+00:00\" \/>\n<meta name=\"twitter:card\" content=\"summary_large_image\" \/>\n<script type=\"application\/ld+json\" class=\"yoast-schema-graph\">{\"@context\":\"https:\/\/schema.org\",\"@graph\":[{\"@type\":\"WebPage\",\"@id\":\"https:\/\/webstudiodizajn.com.hr\/index.php\/zaposljavamo\/\",\"url\":\"https:\/\/webstudiodizajn.com.hr\/index.php\/zaposljavamo\/\",\"name\":\"Zaposljavamo - KOLNOA VRATA\",\"isPartOf\":{\"@id\":\"https:\/\/webstudiodizajn.com.hr\/#website\"},\"datePublished\":\"2022-05-21T22:48:13+00:00\",\"dateModified\":\"2023-07-19T08:22:42+00:00\",\"breadcrumb\":{\"@id\":\"https:\/\/webstudiodizajn.com.hr\/index.php\/zaposljavamo\/#breadcrumb\"},\"inLanguage\":\"hr\",\"potentialAction\":[{\"@type\":\"ReadAction\",\"target\":[\"https:\/\/webstudiodizajn.com.hr\/index.php\/zaposljavamo\/\"]}]},{\"@type\":\"BreadcrumbList\",\"@id\":\"https:\/\/webstudiodizajn.com.hr\/index.php\/zaposljavamo\/#breadcrumb\",\"itemListElement\":[{\"@type\":\"ListItem\",\"position\":1,\"name\":\"Po\u010detna stranica\",\"item\":\"https:\/\/webstudiodizajn.com.hr\/\"},{\"@type\":\"ListItem\",\"position\":2,\"name\":\"Zaposljavamo\"}]},{\"@type\":\"WebSite\",\"@id\":\"https:\/\/webstudiodizajn.com.hr\/#website\",\"url\":\"https:\/\/webstudiodizajn.com.hr\/\",\"name\":\"KOLNOA VRATA\",\"description\":\"Va\u0161a sigurnost\",\"publisher\":{\"@id\":\"https:\/\/webstudiodizajn.com.hr\/#organization\"},\"potentialAction\":[{\"@type\":\"SearchAction\",\"target\":{\"@type\":\"EntryPoint\",\"urlTemplate\":\"https:\/\/webstudiodizajn.com.hr\/?s={search_term_string}\"},\"query-input\":\"required name=search_term_string\"}],\"inLanguage\":\"hr\"},{\"@type\":\"Organization\",\"@id\":\"https:\/\/webstudiodizajn.com.hr\/#organization\",\"name\":\"KOLNOA VRATA\",\"url\":\"https:\/\/webstudiodizajn.com.hr\/\",\"logo\":{\"@type\":\"ImageObject\",\"inLanguage\":\"hr\",\"@id\":\"https:\/\/webstudiodizajn.com.hr\/#\/schema\/logo\/image\/\",\"url\":\"https:\/\/webstudiodizajn.com.hr\/wp-content\/uploads\/2022\/06\/Kolnoa-Vrata-logo-ai1-white.png\",\"contentUrl\":\"https:\/\/webstudiodizajn.com.hr\/wp-content\/uploads\/2022\/06\/Kolnoa-Vrata-logo-ai1-white.png\",\"width\":977,\"height\":233,\"caption\":\"KOLNOA VRATA\"},\"image\":{\"@id\":\"https:\/\/webstudiodizajn.com.hr\/#\/schema\/logo\/image\/\"}}]}<\/script>\n<!-- \/ Yoast SEO plugin. -->","yoast_head_json":{"title":"Zaposljavamo - KOLNOA VRATA","robots":{"index":"index","follow":"follow","max-snippet":"max-snippet:-1","max-image-preview":"max-image-preview:large","max-video-preview":"max-video-preview:-1"},"canonical":"https:\/\/webstudiodizajn.com.hr\/index.php\/zaposljavamo\/","og_locale":"hr_HR","og_type":"article","og_title":"Zaposljavamo - KOLNOA VRATA","og_description":"Tvrtka Kolnoa vrata je u stalnoj potrazi za kvalitetnim, odgovornim i stru\u010dnim djelatnicima za rad u proizvodnji i monta\u017ei protupo\u017earnih i protuprovalnih vrata. PRIJAVI SE","og_url":"https:\/\/webstudiodizajn.com.hr\/index.php\/zaposljavamo\/","og_site_name":"KOLNOA VRATA","article_modified_time":"2023-07-19T08:22:42+00:00","twitter_card":"summary_large_image","schema":{"@context":"https:\/\/schema.org","@graph":[{"@type":"WebPage","@id":"https:\/\/webstudiodizajn.com.hr\/index.php\/zaposljavamo\/","url":"https:\/\/webstudiodizajn.com.hr\/index.php\/zaposljavamo\/","name":"Zaposljavamo - KOLNOA VRATA","isPartOf":{"@id":"https:\/\/webstudiodizajn.com.hr\/#website"},"datePublished":"2022-05-21T22:48:13+00:00","dateModified":"2023-07-19T08:22:42+00:00","breadcrumb":{"@id":"https:\/\/webstudiodizajn.com.hr\/index.php\/zaposljavamo\/#breadcrumb"},"inLanguage":"hr","potentialAction":[{"@type":"ReadAction","target":["https:\/\/webstudiodizajn.com.hr\/index.php\/zaposljavamo\/"]}]},{"@type":"BreadcrumbList","@id":"https:\/\/webstudiodizajn.com.hr\/index.php\/zaposljavamo\/#breadcrumb","itemListElement":[{"@type":"ListItem","position":1,"name":"Po\u010detna stranica","item":"https:\/\/webstudiodizajn.com.hr\/"},{"@type":"ListItem","position":2,"name":"Zaposljavamo"}]},{"@type":"WebSite","@id":"https:\/\/webstudiodizajn.com.hr\/#website","url":"https:\/\/webstudiodizajn.com.hr\/","name":"KOLNOA VRATA","description":"Va\u0161a sigurnost","publisher":{"@id":"https:\/\/webstudiodizajn.com.hr\/#organization"},"potentialAction":[{"@type":"SearchAction","target":{"@type":"EntryPoint","urlTemplate":"https:\/\/webstudiodizajn.com.hr\/?s={search_term_string}"},"query-input":"required name=search_term_string"}],"inLanguage":"hr"},{"@type":"Organization","@id":"https:\/\/webstudiodizajn.com.hr\/#organization","name":"KOLNOA VRATA","url":"https:\/\/webstudiodizajn.com.hr\/","logo":{"@type":"ImageObject","inLanguage":"hr","@id":"https:\/\/webstudiodizajn.com.hr\/#\/schema\/logo\/image\/","url":"https:\/\/webstudiodizajn.com.hr\/wp-content\/uploads\/2022\/06\/Kolnoa-Vrata-logo-ai1-white.png","contentUrl":"https:\/\/webstudiodizajn.com.hr\/wp-content\/uploads\/2022\/06\/Kolnoa-Vrata-logo-ai1-white.png","width":977,"height":233,"caption":"KOLNOA VRATA"},"image":{"@id":"https:\/\/webstudiodizajn.com.hr\/#\/schema\/logo\/image\/"}}]}},"_links":{"self":[{"href":"https:\/\/webstudiodizajn.com.hr\/index.php\/wp-json\/wp\/v2\/pages\/369"}],"collection":[{"href":"https:\/\/webstudiodizajn.com.hr\/index.php\/wp-json\/wp\/v2\/pages"}],"about":[{"href":"https:\/\/webstudiodizajn.com.hr\/index.php\/wp-json\/wp\/v2\/types\/page"}],"author":[{"embeddable":true,"href":"https:\/\/webstudiodizajn.com.hr\/index.php\/wp-json\/wp\/v2\/users\/1"}],"replies":[{"embeddable":true,"href":"https:\/\/webstudiodizajn.com.hr\/index.php\/wp-json\/wp\/v2\/comments?post=369"}],"version-history":[{"count":8,"href":"https:\/\/webstudiodizajn.com.hr\/index.php\/wp-json\/wp\/v2\/pages\/369\/revisions"}],"predecessor-version":[{"id":2643,"href":"https:\/\/webstudiodizajn.com.hr\/index.php\/wp-json\/wp\/v2\/pages\/369\/revisions\/2643"}],"wp:attachment":[{"href":"https:\/\/webstudiodizajn.com.hr\/index.php\/wp-json\/wp\/v2\/media?parent=369"}],"curies":[{"name":"wp","href":"https:\/\/api.w.org\/{rel}","templated":true}]}}