{"id":442,"date":"2022-05-22T19:02:40","date_gmt":"2022-05-22T19:02:40","guid":{"rendered":"https:\/\/webstudiodizajn.com.hr\/?page_id=442"},"modified":"2023-07-26T11:29:27","modified_gmt":"2023-07-26T11:29:27","slug":"protuprovalna-vrata","status":"publish","type":"page","link":"https:\/\/webstudiodizajn.com.hr\/index.php\/protuprovalna-vrata\/","title":{"rendered":"Protuprovalna vrata"},"content":{"rendered":"<div data-colibri-id=\"442-c1\" class=\"style-384 style-local-442-c1 position-relative\">\n  <!---->\n  <div data-colibri-component=\"section\" data-colibri-id=\"442-c2\" id=\"reusable-sections\" class=\"h-section h-section-global-spacing d-flex align-items-lg-center align-items-md-center align-items-center style-923 style-local-442-c2 position-relative\">\n    <!---->\n    <!---->\n    <div class=\"h-section-grid-container h-section-boxed-container\">\n      <!---->\n      <div data-colibri-id=\"442-c3\" class=\"h-row-container gutters-row-lg-1 gutters-row-md-1 gutters-row-0 gutters-row-v-lg-1 gutters-row-v-md-1 gutters-row-v-1 style-1072 style-local-442-c3 position-relative\">\n        <!---->\n        <div class=\"h-row justify-content-lg-center justify-content-md-center justify-content-center align-items-lg-stretch align-items-md-stretch align-items-stretch gutters-col-lg-1 gutters-col-md-1 gutters-col-0 gutters-col-v-lg-1 gutters-col-v-md-1 gutters-col-v-1\">\n          <!---->\n          <div class=\"h-column h-column-container d-flex h-col-lg-auto h-col-md-auto h-col-auto style-1073-outer style-local-442-c4-outer\">\n            <div data-colibri-id=\"442-c4\" class=\"d-flex h-flex-basis h-column__inner h-px-lg-1 h-px-md-1 h-px-1 v-inner-lg-1 v-inner-md-1 v-inner-1 style-1073 style-local-442-c4 position-relative\">\n              <!---->\n              <!---->\n              <div class=\"w-100 h-y-container h-column__content h-column__v-align flex-basis-100 align-self-lg-start align-self-md-start align-self-start\">\n                <!---->\n                <div data-colibri-id=\"442-c5\" class=\"h-global-transition-all h-heading style-1075 style-local-442-c5 position-relative h-element\">\n                  <!---->\n                  <div class=\"h-heading__outer style-1075 style-local-442-c5\">\n                    <!---->\n                    <!---->\n                    <h1 class=\"\">Protuprovalna vrata<\/h1>\n                  <\/div>\n                <\/div>\n              <\/div>\n            <\/div>\n          <\/div>\n        <\/div>\n      <\/div>\n      <div data-colibri-id=\"442-c6\" class=\"h-row-container gutters-row-lg-2 gutters-row-md-2 gutters-row-2 gutters-row-v-lg-2 gutters-row-v-md-2 gutters-row-v-2 style-924 style-local-442-c6 position-relative\">\n        <!---->\n        <div class=\"h-row justify-content-lg-center justify-content-md-center justify-content-center align-items-lg-stretch align-items-md-stretch align-items-stretch gutters-col-lg-2 gutters-col-md-2 gutters-col-2 gutters-col-v-lg-2 gutters-col-v-md-2 gutters-col-v-2\">\n          <!---->\n          <div class=\"h-column h-column-container d-flex h-col-lg-auto h-col-md-auto h-col-auto style-925-outer style-local-442-c7-outer\">\n            <div data-colibri-id=\"442-c7\" class=\"d-flex h-flex-basis h-column__inner h-px-lg-2 h-px-md-2 h-px-2 v-inner-lg-2 v-inner-md-2 v-inner-2 style-925 style-local-442-c7 position-relative\">\n              <!---->\n              <!---->\n              <div class=\"w-100 h-y-container h-column__content h-column__v-align flex-basis-100 align-self-lg-center align-self-md-center align-self-center\">\n                <!---->\n                <div data-colibri-id=\"442-c8\" class=\"h-global-transition-all h-heading style-927 style-local-442-c8 position-relative h-element\">\n                  <!---->\n                  <div class=\"h-heading__outer style-927 style-local-442-c8\">\n                    <!---->\n                    <!---->\n                    <h2 class=\"\">Protuprovalna vrata ALFA<\/h2>\n                  <\/div>\n                <\/div>\n                <div data-colibri-id=\"442-c9\" class=\"h-text h-text-component style-928 style-local-442-c9 position-relative h-element\">\n                  <!---->\n                  <!---->\n                  <div class=\"\">\n                    <p>Vi\u0161e modela protuprovalnih vrata kao i ponuda razli\u010ditih boja savr\u0161eno uklapa vrata u svaki prostor.<\/p>\n                  <\/div>\n                <\/div>\n                <div data-colibri-id=\"442-c10\" class=\"h-x-container style-929 style-local-442-c10 position-relative h-element\">\n                  <!---->\n                  <div class=\"h-x-container-inner style-dynamic-442-c10-group style-929-spacing style-local-442-c10-spacing\"><span class=\"h-button__outer style-930-outer style-local-442-c11-outer d-inline-flex h-element\"><a h-use-smooth-scroll=\"true\" href=\"https:\/\/webstudiodizajn.com.hr\/index.php\/protuprovalna-vrata-alfa\/\"  data-colibri-id=\"442-c11\" class=\"d-flex w-100 align-items-center h-button justify-content-lg-center justify-content-md-center justify-content-center style-930 style-local-442-c11 position-relative\"><!----><!----> <span>Saznajte vi\u0161e<\/span><\/a>\n                    <\/span>\n                  <\/div>\n                <\/div>\n              <\/div>\n            <\/div>\n          <\/div>\n          <div class=\"h-column h-column-container d-flex h-col-lg-auto h-col-md-auto h-col-auto style-931-outer style-local-442-c12-outer\">\n            <div data-colibri-id=\"442-c12\" class=\"d-flex h-flex-basis h-column__inner h-px-lg-2 h-px-md-2 h-px-2 v-inner-lg-2 v-inner-md-2 v-inner-2 style-931 style-local-442-c12 position-relative\">\n              <!---->\n              <!---->\n              <div class=\"w-100 h-y-container h-column__content h-column__v-align flex-basis-100 align-self-lg-start align-self-md-start align-self-start\">\n                <!---->\n                <div data-colibri-id=\"442-c13\" class=\"d-block style-932 style-local-442-c13 position-relative h-element\">\n                  <!---->\n                  <div class=\"h-image__frame-container-outer\">\n                    <div class=\"h-image__frame-container\">\n                      <!---->\n                      <!---->\n                      <img decoding=\"async\" loading=\"lazy\" width=\"1500\" height=\"2000\" src=\"https:\/\/webstudiodizajn.com.hr\/wp-content\/uploads\/2023\/07\/dole-dole-Beta-sa-futerom-hrast-1-bez-toc.jpg\" class=\"wp-image-2605 style-932-image style-local-442-c13-image\" srcset=\"https:\/\/webstudiodizajn.com.hr\/wp-content\/uploads\/2023\/07\/dole-dole-Beta-sa-futerom-hrast-1-bez-toc.jpg 1500w, https:\/\/webstudiodizajn.com.hr\/wp-content\/uploads\/2023\/07\/dole-dole-Beta-sa-futerom-hrast-1-bez-toc-225x300.jpg 225w, https:\/\/webstudiodizajn.com.hr\/wp-content\/uploads\/2023\/07\/dole-dole-Beta-sa-futerom-hrast-1-bez-toc-768x1024.jpg 768w, https:\/\/webstudiodizajn.com.hr\/wp-content\/uploads\/2023\/07\/dole-dole-Beta-sa-futerom-hrast-1-bez-toc-1152x1536.jpg 1152w\" sizes=\"(max-width: 1500px) 100vw, 1500px\" alt=\"protuprovalna vrata\" \/>\n                      <div class=\"h-image__frame h-hide-lg h-hide-md h-hide-sm style-932-frameImage style-local-442-c13-frameImage\"><\/div>\n                    <\/div>\n                  <\/div>\n                <\/div>\n              <\/div>\n            <\/div>\n          <\/div>\n        <\/div>\n      <\/div>\n    <\/div>\n  <\/div>\n  <div data-colibri-component=\"section\" data-colibri-id=\"442-c14\" id=\"reusable-sections-2\" class=\"h-section h-section-global-spacing d-flex align-items-lg-center align-items-md-center align-items-center style-937 style-local-442-c14 position-relative\">\n    <!---->\n    <!---->\n    <div class=\"h-section-grid-container h-section-boxed-container\">\n      <!---->\n      <div data-colibri-id=\"442-c15\" class=\"h-row-container gutters-row-lg-2 gutters-row-md-2 gutters-row-2 gutters-row-v-lg-2 gutters-row-v-md-2 gutters-row-v-2 style-938 style-local-442-c15 position-relative\">\n        <!---->\n        <div class=\"h-row justify-content-lg-center justify-content-md-center justify-content-center align-items-lg-stretch align-items-md-stretch align-items-stretch gutters-col-lg-2 gutters-col-md-2 gutters-col-2 gutters-col-v-lg-2 gutters-col-v-md-2 gutters-col-v-2\">\n          <!---->\n          <div class=\"h-column h-column-container d-flex h-col-lg-auto h-col-md-auto h-col-auto style-939-outer style-local-442-c16-outer\">\n            <div data-colibri-id=\"442-c16\" class=\"d-flex h-flex-basis h-column__inner h-px-lg-2 h-px-md-2 h-px-2 v-inner-lg-2 v-inner-md-2 v-inner-2 style-939 style-local-442-c16 position-relative\">\n              <!---->\n              <!---->\n              <div class=\"w-100 h-y-container h-column__content h-column__v-align flex-basis-100 align-self-lg-center align-self-md-center align-self-center\">\n                <!---->\n                <div data-colibri-id=\"442-c17\" class=\"h-global-transition-all h-heading style-941 style-local-442-c17 position-relative h-element\">\n                  <!---->\n                  <div class=\"h-heading__outer style-941 style-local-442-c17\">\n                    <!---->\n                    <!---->\n                    <h2 class=\"\">Protuprovalna vrata BASIC <em style=\"font-family: Playfair Display; color: rgb(247, 144, 7);\"> <\/em><\/h2>\n                  <\/div>\n                <\/div>\n                <div data-colibri-id=\"442-c18\" class=\"h-text h-text-component style-942 style-local-442-c18 position-relative h-element\">\n                  <!---->\n                  <!---->\n                  <div class=\"\">\n                    <h2><span style=\"font-weight: 400; font-size: 16px;\">Visokokvalitetna vrata sa 5 aktivnih to\u010daka zaklju\u010davanja na strani brave i <br>4 fiksne na strani panta.<\/span><\/h2>\n                    <p>\n                      <br>\n                    <\/p>\n                  <\/div>\n                <\/div>\n                <div data-colibri-id=\"442-c19\" class=\"h-x-container style-943 style-local-442-c19 position-relative h-element\">\n                  <!---->\n                  <div class=\"h-x-container-inner style-dynamic-442-c19-group style-943-spacing style-local-442-c19-spacing\"><span class=\"h-button__outer style-944-outer style-local-442-c20-outer d-inline-flex h-element\"><a h-use-smooth-scroll=\"true\" href=\"https:\/\/webstudiodizajn.com.hr\/index.php\/protuprovalna-vrata-basic\/\"  data-colibri-id=\"442-c20\" class=\"d-flex w-100 align-items-center h-button justify-content-lg-center justify-content-md-center justify-content-center style-944 style-local-442-c20 position-relative\"><!----><!----> <span>Saznajte vi\u0161e<\/span><\/a>\n                    <\/span>\n                  <\/div>\n                <\/div>\n              <\/div>\n            <\/div>\n          <\/div>\n          <div class=\"h-column h-column-container d-flex h-col-lg-auto h-col-md-auto h-col-auto style-945-outer style-local-442-c21-outer\">\n            <div data-colibri-id=\"442-c21\" class=\"d-flex h-flex-basis h-column__inner h-px-lg-2 h-px-md-2 h-px-2 v-inner-lg-2 v-inner-md-2 v-inner-2 style-945 style-local-442-c21 position-relative\">\n              <!---->\n              <!---->\n              <div class=\"w-100 h-y-container h-column__content h-column__v-align flex-basis-100 align-self-lg-start align-self-md-start align-self-start\">\n                <!---->\n                <div data-colibri-id=\"442-c22\" class=\"d-block style-946 style-local-442-c22 position-relative h-element\">\n                  <!---->\n                  <div class=\"h-image__frame-container-outer\">\n                    <div class=\"h-image__frame-container\">\n                      <!---->\n                      <!---->\n                      <img decoding=\"async\" loading=\"lazy\" width=\"1300\" height=\"1782\" src=\"https:\/\/webstudiodizajn.com.hr\/wp-content\/uploads\/2023\/07\/cropped-BASIC-glavna-slika-EI30min-44db-Black-Ash.jpg\" class=\"wp-image-2777 style-946-image style-local-442-c22-image\" srcset=\"https:\/\/webstudiodizajn.com.hr\/wp-content\/uploads\/2023\/07\/cropped-BASIC-glavna-slika-EI30min-44db-Black-Ash.jpg 1300w, https:\/\/webstudiodizajn.com.hr\/wp-content\/uploads\/2023\/07\/cropped-BASIC-glavna-slika-EI30min-44db-Black-Ash-219x300.jpg 219w, https:\/\/webstudiodizajn.com.hr\/wp-content\/uploads\/2023\/07\/cropped-BASIC-glavna-slika-EI30min-44db-Black-Ash-747x1024.jpg 747w, https:\/\/webstudiodizajn.com.hr\/wp-content\/uploads\/2023\/07\/cropped-BASIC-glavna-slika-EI30min-44db-Black-Ash-768x1053.jpg 768w, https:\/\/webstudiodizajn.com.hr\/wp-content\/uploads\/2023\/07\/cropped-BASIC-glavna-slika-EI30min-44db-Black-Ash-1121x1536.jpg 1121w\" sizes=\"(max-width: 1300px) 100vw, 1300px\" alt=\"protuprovalna vrata\" \/>\n                      <div class=\"h-image__frame h-hide-lg h-hide-md h-hide-sm style-946-frameImage style-local-442-c22-frameImage\"><\/div>\n                    <\/div>\n                  <\/div>\n                <\/div>\n              <\/div>\n            <\/div>\n          <\/div>\n        <\/div>\n      <\/div>\n    <\/div>\n  <\/div>\n  <div data-colibri-component=\"section\" data-colibri-id=\"442-c23\" id=\"reusable-sections-3\" class=\"h-section h-section-global-spacing d-flex align-items-lg-center align-items-md-center align-items-center style-947 style-local-442-c23 position-relative\">\n    <!---->\n    <!---->\n    <div class=\"h-section-grid-container h-section-boxed-container\">\n      <div data-colibri-id=\"442-c28\" class=\"h-row-container gutters-row-lg-1 gutters-row-md-1 gutters-row-2 gutters-row-v-lg-1 gutters-row-v-md-1 gutters-row-v-1 style-952 style-local-442-c28 position-relative\">\n        <!---->\n        <div class=\"h-row justify-content-lg-center justify-content-md-center justify-content-center align-items-lg-stretch align-items-md-stretch align-items-stretch gutters-col-lg-1 gutters-col-md-1 gutters-col-2 gutters-col-v-lg-1 gutters-col-v-md-1 gutters-col-v-1\">\n          <!---->\n          <div class=\"h-column h-column-container d-flex h-col-lg-auto h-col-md-auto h-col-auto style-953-outer style-local-442-c29-outer\">\n            <div data-colibri-id=\"442-c29\" class=\"d-flex h-flex-basis h-column__inner h-px-lg-1 h-px-md-1 h-px-2 v-inner-lg-1 v-inner-md-1 v-inner-2 style-953 style-local-442-c29 position-relative\">\n              <!---->\n              <!---->\n              <div class=\"w-100 h-y-container h-column__content h-column__v-align flex-basis-100 align-self-lg-start align-self-md-start align-self-start\">\n                <!---->\n                <div data-colibri-id=\"442-c30\" class=\"h-lead h-text h-text-component style-954 style-local-442-c30 position-relative h-element\">\n                  <!---->\n                  <!---->\n                  <div class=\"\">\n                    <p>Posjetite nas u na\u0161em prodajno\/izlo\u017ebenom prostoru Ilica 315, Zagreb\n                      <br>ili\n                      <br>jednostavno po\u0161aljite upit putem na\u0161e kontakt forme.<\/p>\n                  <\/div>\n                <\/div>\n                <div data-colibri-id=\"442-c31\" class=\"h-x-container style-955 style-local-442-c31 position-relative h-element\">\n                  <!---->\n                  <div class=\"h-x-container-inner style-dynamic-442-c31-group style-955-spacing style-local-442-c31-spacing\"><span class=\"h-button__outer style-956-outer style-local-442-c32-outer d-inline-flex h-element\"><a h-use-smooth-scroll=\"true\" href=\"https:\/\/webstudiodizajn.com.hr\/index.php\/kontakt\/\"  data-colibri-id=\"442-c32\" class=\"d-flex w-100 align-items-center h-button justify-content-lg-center justify-content-md-center justify-content-center style-956 style-local-442-c32 position-relative\"><!----><!----> <span>PO\u0160ALJI UPIT<\/span><\/a>\n                    <\/span>\n                  <\/div>\n                <\/div>\n              <\/div>\n            <\/div>\n          <\/div>\n        <\/div>\n      <\/div>\n      <div data-colibri-id=\"442-c24\" class=\"h-row-container gutters-row-lg-0 gutters-row-md-0 gutters-row-0 gutters-row-v-lg-0 gutters-row-v-md-0 gutters-row-v-0 style-948 style-local-442-c24 h-overflow-hidden position-relative\">\n        <!---->\n        <div class=\"h-row justify-content-lg-center justify-content-md-center justify-content-center align-items-lg-end align-items-md-end align-items-end gutters-col-lg-0 gutters-col-md-0 gutters-col-0 gutters-col-v-lg-0 gutters-col-v-md-0 gutters-col-v-0\">\n          <!---->\n          <div class=\"h-column h-column-container d-flex h-col-lg-auto h-col-md-auto h-col-auto align-self-lg-end align-self-md-end align-self-end style-950-outer style-local-442-c26-outer\">\n            <div data-colibri-id=\"442-c26\" class=\"d-flex h-flex-basis h-column__inner h-ui-empty-state-container h-px-lg-0 h-px-md-0 h-px-0 v-inner-lg-0 v-inner-md-0 v-inner-0 style-950 style-local-442-c26 position-relative\">\n              <!---->\n              <!---->\n              <div class=\"w-100 h-y-container h-column__content h-column__v-align flex-basis-100\">\n                <!---->\n              <\/div>\n            <\/div>\n          <\/div>\n        <\/div>\n      <\/div>\n    <\/div>\n  <\/div>\n<\/div>","protected":false},"excerpt":{"rendered":"<p>Protuprovalna vrata Protuprovalna vrata ALFA Vi\u0161e modela protuprovalnih vrata kao i ponuda razli\u010ditih boja savr\u0161eno uklapa vrata u svaki prostor. Saznajte vi\u0161e Protuprovalna vrata BASIC Visokokvalitetna vrata sa 5 aktivnih to\u010daka zaklju\u010davanja na strani brave i 4 fiksne na strani panta. Saznajte vi\u0161e Posjetite nas u na\u0161em prodajno\/izlo\u017ebenom prostoru Ilica 315, Zagreb ili jednostavno po\u0161aljite [&hellip;]<\/p>\n","protected":false},"author":1,"featured_media":0,"parent":0,"menu_order":0,"comment_status":"closed","ping_status":"closed","template":"page-templates\/full-width-page.php","meta":{"footnotes":""},"yoast_head":"<!-- This site is optimized with the Yoast SEO plugin v20.10 - https:\/\/yoast.com\/wordpress\/plugins\/seo\/ -->\n<title>Protuprovalna vrata - KOLNOA VRATA<\/title>\n<meta name=\"robots\" content=\"index, follow, max-snippet:-1, max-image-preview:large, max-video-preview:-1\" \/>\n<link rel=\"canonical\" href=\"https:\/\/webstudiodizajn.com.hr\/index.php\/protuprovalna-vrata\/\" \/>\n<meta property=\"og:locale\" content=\"hr_HR\" \/>\n<meta property=\"og:type\" content=\"article\" \/>\n<meta property=\"og:title\" content=\"Protuprovalna vrata - KOLNOA VRATA\" \/>\n<meta property=\"og:description\" content=\"Protuprovalna vrata Protuprovalna vrata ALFA Vi\u0161e modela protuprovalnih vrata kao i ponuda razli\u010ditih boja savr\u0161eno uklapa vrata u svaki prostor. Saznajte vi\u0161e Protuprovalna vrata BASIC Visokokvalitetna vrata sa 5 aktivnih to\u010daka zaklju\u010davanja na strani brave i 4 fiksne na strani panta. Saznajte vi\u0161e Posjetite nas u na\u0161em prodajno\/izlo\u017ebenom prostoru Ilica 315, Zagreb ili jednostavno po\u0161aljite [&hellip;]\" \/>\n<meta property=\"og:url\" content=\"https:\/\/webstudiodizajn.com.hr\/index.php\/protuprovalna-vrata\/\" \/>\n<meta property=\"og:site_name\" content=\"KOLNOA VRATA\" \/>\n<meta property=\"article:modified_time\" content=\"2023-07-26T11:29:27+00:00\" \/>\n<meta property=\"og:image\" content=\"https:\/\/webstudiodizajn.com.hr\/wp-content\/uploads\/2023\/07\/dole-dole-Beta-sa-futerom-hrast-1-bez-toc.jpg\" \/>\n<meta name=\"twitter:card\" content=\"summary_large_image\" \/>\n<script type=\"application\/ld+json\" class=\"yoast-schema-graph\">{\"@context\":\"https:\/\/schema.org\",\"@graph\":[{\"@type\":\"WebPage\",\"@id\":\"https:\/\/webstudiodizajn.com.hr\/index.php\/protuprovalna-vrata\/\",\"url\":\"https:\/\/webstudiodizajn.com.hr\/index.php\/protuprovalna-vrata\/\",\"name\":\"Protuprovalna vrata - KOLNOA VRATA\",\"isPartOf\":{\"@id\":\"https:\/\/webstudiodizajn.com.hr\/#website\"},\"datePublished\":\"2022-05-22T19:02:40+00:00\",\"dateModified\":\"2023-07-26T11:29:27+00:00\",\"breadcrumb\":{\"@id\":\"https:\/\/webstudiodizajn.com.hr\/index.php\/protuprovalna-vrata\/#breadcrumb\"},\"inLanguage\":\"hr\",\"potentialAction\":[{\"@type\":\"ReadAction\",\"target\":[\"https:\/\/webstudiodizajn.com.hr\/index.php\/protuprovalna-vrata\/\"]}]},{\"@type\":\"BreadcrumbList\",\"@id\":\"https:\/\/webstudiodizajn.com.hr\/index.php\/protuprovalna-vrata\/#breadcrumb\",\"itemListElement\":[{\"@type\":\"ListItem\",\"position\":1,\"name\":\"Po\u010detna stranica\",\"item\":\"https:\/\/webstudiodizajn.com.hr\/\"},{\"@type\":\"ListItem\",\"position\":2,\"name\":\"Protuprovalna vrata\"}]},{\"@type\":\"WebSite\",\"@id\":\"https:\/\/webstudiodizajn.com.hr\/#website\",\"url\":\"https:\/\/webstudiodizajn.com.hr\/\",\"name\":\"KOLNOA VRATA\",\"description\":\"Va\u0161a sigurnost\",\"publisher\":{\"@id\":\"https:\/\/webstudiodizajn.com.hr\/#organization\"},\"potentialAction\":[{\"@type\":\"SearchAction\",\"target\":{\"@type\":\"EntryPoint\",\"urlTemplate\":\"https:\/\/webstudiodizajn.com.hr\/?s={search_term_string}\"},\"query-input\":\"required name=search_term_string\"}],\"inLanguage\":\"hr\"},{\"@type\":\"Organization\",\"@id\":\"https:\/\/webstudiodizajn.com.hr\/#organization\",\"name\":\"KOLNOA VRATA\",\"url\":\"https:\/\/webstudiodizajn.com.hr\/\",\"logo\":{\"@type\":\"ImageObject\",\"inLanguage\":\"hr\",\"@id\":\"https:\/\/webstudiodizajn.com.hr\/#\/schema\/logo\/image\/\",\"url\":\"https:\/\/webstudiodizajn.com.hr\/wp-content\/uploads\/2022\/06\/Kolnoa-Vrata-logo-ai1-white.png\",\"contentUrl\":\"https:\/\/webstudiodizajn.com.hr\/wp-content\/uploads\/2022\/06\/Kolnoa-Vrata-logo-ai1-white.png\",\"width\":977,\"height\":233,\"caption\":\"KOLNOA VRATA\"},\"image\":{\"@id\":\"https:\/\/webstudiodizajn.com.hr\/#\/schema\/logo\/image\/\"}}]}<\/script>\n<!-- \/ Yoast SEO plugin. -->","yoast_head_json":{"title":"Protuprovalna vrata - KOLNOA VRATA","robots":{"index":"index","follow":"follow","max-snippet":"max-snippet:-1","max-image-preview":"max-image-preview:large","max-video-preview":"max-video-preview:-1"},"canonical":"https:\/\/webstudiodizajn.com.hr\/index.php\/protuprovalna-vrata\/","og_locale":"hr_HR","og_type":"article","og_title":"Protuprovalna vrata - KOLNOA VRATA","og_description":"Protuprovalna vrata Protuprovalna vrata ALFA Vi\u0161e modela protuprovalnih vrata kao i ponuda razli\u010ditih boja savr\u0161eno uklapa vrata u svaki prostor. Saznajte vi\u0161e Protuprovalna vrata BASIC Visokokvalitetna vrata sa 5 aktivnih to\u010daka zaklju\u010davanja na strani brave i 4 fiksne na strani panta. Saznajte vi\u0161e Posjetite nas u na\u0161em prodajno\/izlo\u017ebenom prostoru Ilica 315, Zagreb ili jednostavno po\u0161aljite [&hellip;]","og_url":"https:\/\/webstudiodizajn.com.hr\/index.php\/protuprovalna-vrata\/","og_site_name":"KOLNOA VRATA","article_modified_time":"2023-07-26T11:29:27+00:00","og_image":[{"url":"https:\/\/webstudiodizajn.com.hr\/wp-content\/uploads\/2023\/07\/dole-dole-Beta-sa-futerom-hrast-1-bez-toc.jpg"}],"twitter_card":"summary_large_image","schema":{"@context":"https:\/\/schema.org","@graph":[{"@type":"WebPage","@id":"https:\/\/webstudiodizajn.com.hr\/index.php\/protuprovalna-vrata\/","url":"https:\/\/webstudiodizajn.com.hr\/index.php\/protuprovalna-vrata\/","name":"Protuprovalna vrata - KOLNOA VRATA","isPartOf":{"@id":"https:\/\/webstudiodizajn.com.hr\/#website"},"datePublished":"2022-05-22T19:02:40+00:00","dateModified":"2023-07-26T11:29:27+00:00","breadcrumb":{"@id":"https:\/\/webstudiodizajn.com.hr\/index.php\/protuprovalna-vrata\/#breadcrumb"},"inLanguage":"hr","potentialAction":[{"@type":"ReadAction","target":["https:\/\/webstudiodizajn.com.hr\/index.php\/protuprovalna-vrata\/"]}]},{"@type":"BreadcrumbList","@id":"https:\/\/webstudiodizajn.com.hr\/index.php\/protuprovalna-vrata\/#breadcrumb","itemListElement":[{"@type":"ListItem","position":1,"name":"Po\u010detna stranica","item":"https:\/\/webstudiodizajn.com.hr\/"},{"@type":"ListItem","position":2,"name":"Protuprovalna vrata"}]},{"@type":"WebSite","@id":"https:\/\/webstudiodizajn.com.hr\/#website","url":"https:\/\/webstudiodizajn.com.hr\/","name":"KOLNOA VRATA","description":"Va\u0161a sigurnost","publisher":{"@id":"https:\/\/webstudiodizajn.com.hr\/#organization"},"potentialAction":[{"@type":"SearchAction","target":{"@type":"EntryPoint","urlTemplate":"https:\/\/webstudiodizajn.com.hr\/?s={search_term_string}"},"query-input":"required name=search_term_string"}],"inLanguage":"hr"},{"@type":"Organization","@id":"https:\/\/webstudiodizajn.com.hr\/#organization","name":"KOLNOA VRATA","url":"https:\/\/webstudiodizajn.com.hr\/","logo":{"@type":"ImageObject","inLanguage":"hr","@id":"https:\/\/webstudiodizajn.com.hr\/#\/schema\/logo\/image\/","url":"https:\/\/webstudiodizajn.com.hr\/wp-content\/uploads\/2022\/06\/Kolnoa-Vrata-logo-ai1-white.png","contentUrl":"https:\/\/webstudiodizajn.com.hr\/wp-content\/uploads\/2022\/06\/Kolnoa-Vrata-logo-ai1-white.png","width":977,"height":233,"caption":"KOLNOA VRATA"},"image":{"@id":"https:\/\/webstudiodizajn.com.hr\/#\/schema\/logo\/image\/"}}]}},"_links":{"self":[{"href":"https:\/\/webstudiodizajn.com.hr\/index.php\/wp-json\/wp\/v2\/pages\/442"}],"collection":[{"href":"https:\/\/webstudiodizajn.com.hr\/index.php\/wp-json\/wp\/v2\/pages"}],"about":[{"href":"https:\/\/webstudiodizajn.com.hr\/index.php\/wp-json\/wp\/v2\/types\/page"}],"author":[{"embeddable":true,"href":"https:\/\/webstudiodizajn.com.hr\/index.php\/wp-json\/wp\/v2\/users\/1"}],"replies":[{"embeddable":true,"href":"https:\/\/webstudiodizajn.com.hr\/index.php\/wp-json\/wp\/v2\/comments?post=442"}],"version-history":[{"count":14,"href":"https:\/\/webstudiodizajn.com.hr\/index.php\/wp-json\/wp\/v2\/pages\/442\/revisions"}],"predecessor-version":[{"id":2810,"href":"https:\/\/webstudiodizajn.com.hr\/index.php\/wp-json\/wp\/v2\/pages\/442\/revisions\/2810"}],"wp:attachment":[{"href":"https:\/\/webstudiodizajn.com.hr\/index.php\/wp-json\/wp\/v2\/media?parent=442"}],"curies":[{"name":"wp","href":"https:\/\/api.w.org\/{rel}","templated":true}]}}