{"id":464,"date":"2022-05-22T19:42:37","date_gmt":"2022-05-22T19:42:37","guid":{"rendered":"https:\/\/webstudiodizajn.com.hr\/?page_id=464"},"modified":"2023-11-29T19:59:51","modified_gmt":"2023-11-29T19:59:51","slug":"protuprovalna-vrata-alfa","status":"publish","type":"page","link":"https:\/\/webstudiodizajn.com.hr\/index.php\/protuprovalna-vrata-alfa\/","title":{"rendered":"Protuprovalna vrata Alfa"},"content":{"rendered":"<div data-colibri-id=\"464-c1\" class=\"style-399 style-local-464-c1 position-relative\">\r\n  <!---->\r\n  <div data-colibri-component=\"section\" data-colibri-id=\"464-c2\" id=\"reusable-sections-3\" class=\"h-section h-section-global-spacing d-flex align-items-lg-center align-items-md-center align-items-center style-1565 style-local-464-c2 position-relative\">\r\n    <!---->\r\n    <!---->\r\n    <div class=\"h-section-grid-container h-section-boxed-container\">\r\n      <!---->\r\n      <div data-colibri-id=\"464-c3\" class=\"h-row-container gutters-row-lg-2 gutters-row-md-2 gutters-row-0 gutters-row-v-lg-2 gutters-row-v-md-2 gutters-row-v-2 style-1566 style-local-464-c3 position-relative\">\r\n        <!---->\r\n        <div class=\"h-row justify-content-lg-center justify-content-md-center justify-content-center align-items-lg-stretch align-items-md-stretch align-items-stretch gutters-col-lg-2 gutters-col-md-2 gutters-col-0 gutters-col-v-lg-2 gutters-col-v-md-2 gutters-col-v-2\">\r\n          <!---->\r\n          <div class=\"h-column h-column-container d-flex h-col-lg-auto h-col-md-auto h-col-auto style-1567-outer style-local-464-c4-outer\">\r\n            <div data-colibri-id=\"464-c4\" class=\"d-flex h-flex-basis h-column__inner h-px-lg-2 h-px-md-2 h-px-2 v-inner-lg-2 v-inner-md-2 v-inner-2 style-1567 style-local-464-c4 position-relative\">\r\n              <!---->\r\n              <!---->\r\n              <div class=\"w-100 h-y-container h-column__content h-column__v-align flex-basis-100 align-self-lg-start align-self-md-start align-self-start\">\r\n                <!---->\r\n                <div data-colibri-id=\"464-c5\" class=\"h-global-transition-all h-heading style-1568 style-local-464-c5 position-relative h-element\">\r\n                  <!---->\r\n                  <div class=\"h-heading__outer style-1568 style-local-464-c5\">\r\n                    <!---->\r\n                    <!---->\r\n                    <h2 class=\"\">Protuprovalna vrata ALFA<\/h2>\r\n                  <\/div>\r\n                <\/div>\r\n              <\/div>\r\n            <\/div>\r\n          <\/div>\r\n        <\/div>\r\n      <\/div>\r\n      <div data-colibri-id=\"464-c6\" class=\"h-row-container gutters-row-lg-0 gutters-row-md-0 gutters-row-0 gutters-row-v-lg-0 gutters-row-v-md-0 gutters-row-v-0 style-1569 style-local-464-c6 position-relative\">\r\n        <!---->\r\n        <div class=\"h-row justify-content-lg-center justify-content-md-center justify-content-center align-items-lg-stretch align-items-md-stretch align-items-stretch gutters-col-lg-0 gutters-col-md-0 gutters-col-0 gutters-col-v-lg-0 gutters-col-v-md-0 gutters-col-v-0\">\r\n          <!---->\r\n          <div class=\"h-column h-column-container d-flex h-col-lg-auto h-col-md-auto h-col-auto style-1570-outer style-local-464-c7-outer\">\r\n            <div data-colibri-id=\"464-c7\" class=\"d-flex h-flex-basis h-column__inner h-ui-empty-state-container h-px-lg-0 h-px-md-0 h-px-0 v-inner-lg-0 v-inner-md-0 v-inner-0 style-1570 style-local-464-c7 position-relative\">\r\n              <!---->\r\n              <!---->\r\n              <div class=\"w-100 h-y-container h-column__content h-column__v-align flex-basis-100\">\r\n                <!---->\r\n              <\/div>\r\n            <\/div>\r\n          <\/div>\r\n          <div class=\"h-column h-column-container d-flex h-col-lg-auto h-col-md-auto h-col-auto style-1571-outer style-local-464-c8-outer\">\r\n            <div data-colibri-id=\"464-c8\" class=\"d-flex h-flex-basis h-column__inner h-px-lg-2 h-px-md-2 h-px-2 v-inner-lg-2 v-inner-md-2 v-inner-2 style-1571 style-local-464-c8 position-relative\">\r\n              <!---->\r\n              <!---->\r\n              <div class=\"w-100 h-y-container h-column__content h-column__v-align flex-basis-100 align-self-lg-start align-self-md-start align-self-start\">\r\n                <!---->\r\n                <div data-colibri-id=\"464-c9\" class=\"h-text h-text-component style-1572 style-local-464-c9 position-relative h-element\">\r\n                  <!---->\r\n                  <!---->\r\n                  <div class=\"\">\r\n                    <p><strong>Oprema vrata:<\/strong><\/p>\r\n                    <ul>\r\n                      <li>Brava i cilindar s 5 klju\u010deva i k\u00f4d karticom**<\/li>\r\n                      <li>Konstrukcija vrata izra\u0111ena od 1 mm pocin\u010danog lima<\/li>\r\n                      <li>Slijepi okvir i dovratnik izra\u0111eni od 2 mm pocin\u010danog lima<\/li>\r\n                      <li>7 aktivnih to\u010daka zaklju\u010davanja na strani brave<\/li>\r\n                      <li>4 fiksne to\u010dke zaklju\u010davanja na strani panta<\/li>\r\n                      <li>Sigurnosni grani\u010dnik otvaranja<\/li>\r\n                      <li>Toplinska izolacija<\/li>\r\n                      <li>Neoprenska brtva<\/li>\r\n                      <li>\u0160irokokutna \u0161pijunka 160\u00b0<\/li>\r\n                      <li>Sigurnosni dovratnik za slu\u010daj slijeganja ili potresa<\/li>\r\n                      <li>Pomi\u010dna metlica<\/li>\r\n                      <li>Vanjska i unutarnja obloga protuprovalnih vrata u 6 standardnih boja i tekstura<\/li>\r\n                    <\/ul>\r\n                    <p>** uz vrata mo\u017ee se odabrati Mul-T-Lock cilindar razli\u010ditog stupnja sigurnosti i to: 7&#215;7, Interactive i MT5+<\/p>\r\n                    <p><strong>Opcija:&nbsp;<\/strong><\/p>\r\n                    <ul>\r\n                      <li>Ugradnja elektroprihvatnika ili elektromagnetske brave<\/li>\r\n                      <li>Ugradnja staklenih umetaka<\/li>\r\n                      <li>Nadsvjetlo<\/li>\r\n                      <li>Dosvjetlo<\/li>\r\n                      <li>Unutarnje i vanjske obloge po \u017eelji klijenta (boja, uklade)<\/li>\r\n                    <\/ul>\r\n                    <p>\r\n                      <br>\r\n                    <\/p>\r\n                    <p><strong>Pripadaju\u0107i certifikati:<\/strong><\/p>\r\n                    <p>Klasa protuprovalnosti 3 po normi ENV 1627:1999 Indeks zvu\u010dne izolacije 35 dB prema normi HRN EN ISO 717-1:1998<\/p>\r\n                    <p>\r\n                      <br>\r\n                    <\/p>\r\n                  <\/div>\r\n                <\/div>\r\n              <\/div>\r\n            <\/div>\r\n          <\/div>\r\n        <\/div>\r\n      <\/div>\r\n    <\/div>\r\n  <\/div>\r\n  <div data-colibri-component=\"section\" data-colibri-id=\"464-c10\" id=\"reusable-sections-2\" class=\"h-section h-section-global-spacing d-flex align-items-lg-center align-items-md-center align-items-center style-1591 style-local-464-c10 position-relative\">\r\n    <!---->\r\n    <!---->\r\n    <div class=\"h-section-grid-container h-section-boxed-container\">\r\n      <div data-colibri-id=\"464-c15\" class=\"h-row-container gutters-row-lg-1 gutters-row-md-1 gutters-row-2 gutters-row-v-lg-1 gutters-row-v-md-1 gutters-row-v-1 style-1596 style-local-464-c15 position-relative\">\r\n        <!---->\r\n        <div class=\"h-row justify-content-lg-center justify-content-md-center justify-content-center align-items-lg-stretch align-items-md-stretch align-items-stretch gutters-col-lg-1 gutters-col-md-1 gutters-col-2 gutters-col-v-lg-1 gutters-col-v-md-1 gutters-col-v-1\">\r\n          <!---->\r\n          <div class=\"h-column h-column-container d-flex h-col-lg-auto h-col-md-auto h-col-auto style-1597-outer style-local-464-c16-outer\">\r\n            <div data-colibri-id=\"464-c16\" class=\"d-flex h-flex-basis h-column__inner h-px-lg-1 h-px-md-1 h-px-2 v-inner-lg-1 v-inner-md-1 v-inner-2 style-1597 style-local-464-c16 position-relative\">\r\n              <!---->\r\n              <!---->\r\n              <div class=\"w-100 h-y-container h-column__content h-column__v-align flex-basis-100 align-self-lg-start align-self-md-start align-self-start\">\r\n                <!---->\r\n                <div data-colibri-id=\"464-c17\" class=\"h-lead h-text h-text-component style-1598 style-local-464-c17 position-relative h-element\">\r\n                  <!---->\r\n                  <!---->\r\n                  <div class=\"\">\r\n                    <p>Posjetite nas u na\u0161em prodajno\/izlo\u017ebenom prostoru Ilica 315, Zagreb\r\n                      <br>ili\r\n                      <br>jednostavno po\u0161aljite upit putem na\u0161e kontakt forme.<\/p>\r\n                  <\/div>\r\n                <\/div>\r\n                <div data-colibri-id=\"464-c18\" class=\"h-x-container style-1599 style-local-464-c18 position-relative h-element\">\r\n                  <!---->\r\n                  <div class=\"h-x-container-inner style-dynamic-464-c18-group style-1599-spacing style-local-464-c18-spacing\"><span class=\"h-button__outer style-1600-outer style-local-464-c19-outer d-inline-flex h-element\"><a h-use-smooth-scroll=\"true\" href=\"https:\/\/webstudiodizajn.com.hr\/index.php\/kontakt\/\"  data-colibri-id=\"464-c19\" class=\"d-flex w-100 align-items-center h-button justify-content-lg-center justify-content-md-center justify-content-center style-1600 style-local-464-c19 position-relative\"><!----><!----> <span>PO\u0160ALJI UPIT<\/span><\/a>\r\n                    <\/span>\r\n                  <\/div>\r\n                <\/div>\r\n              <\/div>\r\n            <\/div>\r\n          <\/div>\r\n        <\/div>\r\n      <\/div>\r\n      <div data-colibri-id=\"464-c11\" class=\"h-row-container gutters-row-lg-3 gutters-row-md-3 gutters-row-0 gutters-row-v-lg-3 gutters-row-v-md-3 gutters-row-v-3 style-1592 style-local-464-c11 h-overflow-hidden position-relative\">\r\n        <!---->\r\n        <div class=\"h-row justify-content-lg-center justify-content-md-center justify-content-center align-items-lg-end align-items-md-end align-items-end gutters-col-lg-3 gutters-col-md-3 gutters-col-0 gutters-col-v-lg-3 gutters-col-v-md-3 gutters-col-v-3\">\r\n          <!---->\r\n          <div class=\"h-column h-column-container d-flex h-col-lg-auto h-col-md-auto h-col-auto align-self-lg-end align-self-md-end align-self-end style-1594-outer style-local-464-c13-outer\">\r\n            <div data-colibri-id=\"464-c13\" class=\"d-flex h-flex-basis h-column__inner h-ui-empty-state-container h-px-lg-0 h-px-md-0 h-px-0 v-inner-lg-0 v-inner-md-0 v-inner-0 style-1594 style-local-464-c13 position-relative\">\r\n              <!---->\r\n              <!---->\r\n              <div class=\"w-100 h-y-container h-column__content h-column__v-align flex-basis-100\">\r\n                <!---->\r\n              <\/div>\r\n            <\/div>\r\n          <\/div>\r\n        <\/div>\r\n      <\/div>\r\n    <\/div>\r\n  <\/div>\r\n<\/div>","protected":false},"excerpt":{"rendered":"<p>Protuprovalna vrata ALFA Oprema vrata: Brava i cilindar s 5 klju\u010deva i k\u00f4d karticom** Konstrukcija vrata izra\u0111ena od 1 mm pocin\u010danog lima Slijepi okvir i dovratnik izra\u0111eni od 2 mm pocin\u010danog lima 7 aktivnih to\u010daka zaklju\u010davanja na strani brave 4 fiksne to\u010dke zaklju\u010davanja na strani panta Sigurnosni grani\u010dnik otvaranja Toplinska izolacija Neoprenska brtva \u0160irokokutna \u0161pijunka [&hellip;]<\/p>\n","protected":false},"author":1,"featured_media":0,"parent":0,"menu_order":0,"comment_status":"closed","ping_status":"closed","template":"page-templates\/full-width-page.php","meta":{"footnotes":""},"yoast_head":"<!-- This site is optimized with the Yoast SEO plugin v20.10 - https:\/\/yoast.com\/wordpress\/plugins\/seo\/ -->\n<title>Protuprovalna vrata Alfa - KOLNOA VRATA<\/title>\n<meta name=\"robots\" content=\"index, follow, max-snippet:-1, max-image-preview:large, max-video-preview:-1\" \/>\n<link rel=\"canonical\" href=\"https:\/\/webstudiodizajn.com.hr\/index.php\/protuprovalna-vrata-alfa\/\" \/>\n<meta property=\"og:locale\" content=\"hr_HR\" \/>\n<meta property=\"og:type\" content=\"article\" \/>\n<meta property=\"og:title\" content=\"Protuprovalna vrata Alfa - KOLNOA VRATA\" \/>\n<meta property=\"og:description\" content=\"Protuprovalna vrata ALFA Oprema vrata: Brava i cilindar s 5 klju\u010deva i k\u00f4d karticom** Konstrukcija vrata izra\u0111ena od 1 mm pocin\u010danog lima Slijepi okvir i dovratnik izra\u0111eni od 2 mm pocin\u010danog lima 7 aktivnih to\u010daka zaklju\u010davanja na strani brave 4 fiksne to\u010dke zaklju\u010davanja na strani panta Sigurnosni grani\u010dnik otvaranja Toplinska izolacija Neoprenska brtva \u0160irokokutna \u0161pijunka [&hellip;]\" \/>\n<meta property=\"og:url\" content=\"https:\/\/webstudiodizajn.com.hr\/index.php\/protuprovalna-vrata-alfa\/\" \/>\n<meta property=\"og:site_name\" content=\"KOLNOA VRATA\" \/>\n<meta property=\"article:modified_time\" content=\"2023-11-29T19:59:51+00:00\" \/>\n<meta name=\"twitter:card\" content=\"summary_large_image\" \/>\n<meta name=\"twitter:label1\" content=\"Procijenjeno vrijeme \u010ditanja\" \/>\n\t<meta name=\"twitter:data1\" content=\"1 minuta\" \/>\n<script type=\"application\/ld+json\" class=\"yoast-schema-graph\">{\"@context\":\"https:\/\/schema.org\",\"@graph\":[{\"@type\":\"WebPage\",\"@id\":\"https:\/\/webstudiodizajn.com.hr\/index.php\/protuprovalna-vrata-alfa\/\",\"url\":\"https:\/\/webstudiodizajn.com.hr\/index.php\/protuprovalna-vrata-alfa\/\",\"name\":\"Protuprovalna vrata Alfa - KOLNOA VRATA\",\"isPartOf\":{\"@id\":\"https:\/\/webstudiodizajn.com.hr\/#website\"},\"datePublished\":\"2022-05-22T19:42:37+00:00\",\"dateModified\":\"2023-11-29T19:59:51+00:00\",\"breadcrumb\":{\"@id\":\"https:\/\/webstudiodizajn.com.hr\/index.php\/protuprovalna-vrata-alfa\/#breadcrumb\"},\"inLanguage\":\"hr\",\"potentialAction\":[{\"@type\":\"ReadAction\",\"target\":[\"https:\/\/webstudiodizajn.com.hr\/index.php\/protuprovalna-vrata-alfa\/\"]}]},{\"@type\":\"BreadcrumbList\",\"@id\":\"https:\/\/webstudiodizajn.com.hr\/index.php\/protuprovalna-vrata-alfa\/#breadcrumb\",\"itemListElement\":[{\"@type\":\"ListItem\",\"position\":1,\"name\":\"Po\u010detna stranica\",\"item\":\"https:\/\/webstudiodizajn.com.hr\/\"},{\"@type\":\"ListItem\",\"position\":2,\"name\":\"Protuprovalna vrata Alfa\"}]},{\"@type\":\"WebSite\",\"@id\":\"https:\/\/webstudiodizajn.com.hr\/#website\",\"url\":\"https:\/\/webstudiodizajn.com.hr\/\",\"name\":\"KOLNOA VRATA\",\"description\":\"Va\u0161a sigurnost\",\"publisher\":{\"@id\":\"https:\/\/webstudiodizajn.com.hr\/#organization\"},\"potentialAction\":[{\"@type\":\"SearchAction\",\"target\":{\"@type\":\"EntryPoint\",\"urlTemplate\":\"https:\/\/webstudiodizajn.com.hr\/?s={search_term_string}\"},\"query-input\":\"required name=search_term_string\"}],\"inLanguage\":\"hr\"},{\"@type\":\"Organization\",\"@id\":\"https:\/\/webstudiodizajn.com.hr\/#organization\",\"name\":\"KOLNOA VRATA\",\"url\":\"https:\/\/webstudiodizajn.com.hr\/\",\"logo\":{\"@type\":\"ImageObject\",\"inLanguage\":\"hr\",\"@id\":\"https:\/\/webstudiodizajn.com.hr\/#\/schema\/logo\/image\/\",\"url\":\"https:\/\/webstudiodizajn.com.hr\/wp-content\/uploads\/2022\/06\/Kolnoa-Vrata-logo-ai1-white.png\",\"contentUrl\":\"https:\/\/webstudiodizajn.com.hr\/wp-content\/uploads\/2022\/06\/Kolnoa-Vrata-logo-ai1-white.png\",\"width\":977,\"height\":233,\"caption\":\"KOLNOA VRATA\"},\"image\":{\"@id\":\"https:\/\/webstudiodizajn.com.hr\/#\/schema\/logo\/image\/\"}}]}<\/script>\n<!-- \/ Yoast SEO plugin. -->","yoast_head_json":{"title":"Protuprovalna vrata Alfa - KOLNOA VRATA","robots":{"index":"index","follow":"follow","max-snippet":"max-snippet:-1","max-image-preview":"max-image-preview:large","max-video-preview":"max-video-preview:-1"},"canonical":"https:\/\/webstudiodizajn.com.hr\/index.php\/protuprovalna-vrata-alfa\/","og_locale":"hr_HR","og_type":"article","og_title":"Protuprovalna vrata Alfa - KOLNOA VRATA","og_description":"Protuprovalna vrata ALFA Oprema vrata: Brava i cilindar s 5 klju\u010deva i k\u00f4d karticom** Konstrukcija vrata izra\u0111ena od 1 mm pocin\u010danog lima Slijepi okvir i dovratnik izra\u0111eni od 2 mm pocin\u010danog lima 7 aktivnih to\u010daka zaklju\u010davanja na strani brave 4 fiksne to\u010dke zaklju\u010davanja na strani panta Sigurnosni grani\u010dnik otvaranja Toplinska izolacija Neoprenska brtva \u0160irokokutna \u0161pijunka [&hellip;]","og_url":"https:\/\/webstudiodizajn.com.hr\/index.php\/protuprovalna-vrata-alfa\/","og_site_name":"KOLNOA VRATA","article_modified_time":"2023-11-29T19:59:51+00:00","twitter_card":"summary_large_image","twitter_misc":{"Procijenjeno vrijeme \u010ditanja":"1 minuta"},"schema":{"@context":"https:\/\/schema.org","@graph":[{"@type":"WebPage","@id":"https:\/\/webstudiodizajn.com.hr\/index.php\/protuprovalna-vrata-alfa\/","url":"https:\/\/webstudiodizajn.com.hr\/index.php\/protuprovalna-vrata-alfa\/","name":"Protuprovalna vrata Alfa - KOLNOA VRATA","isPartOf":{"@id":"https:\/\/webstudiodizajn.com.hr\/#website"},"datePublished":"2022-05-22T19:42:37+00:00","dateModified":"2023-11-29T19:59:51+00:00","breadcrumb":{"@id":"https:\/\/webstudiodizajn.com.hr\/index.php\/protuprovalna-vrata-alfa\/#breadcrumb"},"inLanguage":"hr","potentialAction":[{"@type":"ReadAction","target":["https:\/\/webstudiodizajn.com.hr\/index.php\/protuprovalna-vrata-alfa\/"]}]},{"@type":"BreadcrumbList","@id":"https:\/\/webstudiodizajn.com.hr\/index.php\/protuprovalna-vrata-alfa\/#breadcrumb","itemListElement":[{"@type":"ListItem","position":1,"name":"Po\u010detna stranica","item":"https:\/\/webstudiodizajn.com.hr\/"},{"@type":"ListItem","position":2,"name":"Protuprovalna vrata Alfa"}]},{"@type":"WebSite","@id":"https:\/\/webstudiodizajn.com.hr\/#website","url":"https:\/\/webstudiodizajn.com.hr\/","name":"KOLNOA VRATA","description":"Va\u0161a sigurnost","publisher":{"@id":"https:\/\/webstudiodizajn.com.hr\/#organization"},"potentialAction":[{"@type":"SearchAction","target":{"@type":"EntryPoint","urlTemplate":"https:\/\/webstudiodizajn.com.hr\/?s={search_term_string}"},"query-input":"required name=search_term_string"}],"inLanguage":"hr"},{"@type":"Organization","@id":"https:\/\/webstudiodizajn.com.hr\/#organization","name":"KOLNOA VRATA","url":"https:\/\/webstudiodizajn.com.hr\/","logo":{"@type":"ImageObject","inLanguage":"hr","@id":"https:\/\/webstudiodizajn.com.hr\/#\/schema\/logo\/image\/","url":"https:\/\/webstudiodizajn.com.hr\/wp-content\/uploads\/2022\/06\/Kolnoa-Vrata-logo-ai1-white.png","contentUrl":"https:\/\/webstudiodizajn.com.hr\/wp-content\/uploads\/2022\/06\/Kolnoa-Vrata-logo-ai1-white.png","width":977,"height":233,"caption":"KOLNOA VRATA"},"image":{"@id":"https:\/\/webstudiodizajn.com.hr\/#\/schema\/logo\/image\/"}}]}},"_links":{"self":[{"href":"https:\/\/webstudiodizajn.com.hr\/index.php\/wp-json\/wp\/v2\/pages\/464"}],"collection":[{"href":"https:\/\/webstudiodizajn.com.hr\/index.php\/wp-json\/wp\/v2\/pages"}],"about":[{"href":"https:\/\/webstudiodizajn.com.hr\/index.php\/wp-json\/wp\/v2\/types\/page"}],"author":[{"embeddable":true,"href":"https:\/\/webstudiodizajn.com.hr\/index.php\/wp-json\/wp\/v2\/users\/1"}],"replies":[{"embeddable":true,"href":"https:\/\/webstudiodizajn.com.hr\/index.php\/wp-json\/wp\/v2\/comments?post=464"}],"version-history":[{"count":10,"href":"https:\/\/webstudiodizajn.com.hr\/index.php\/wp-json\/wp\/v2\/pages\/464\/revisions"}],"predecessor-version":[{"id":2771,"href":"https:\/\/webstudiodizajn.com.hr\/index.php\/wp-json\/wp\/v2\/pages\/464\/revisions\/2771"}],"wp:attachment":[{"href":"https:\/\/webstudiodizajn.com.hr\/index.php\/wp-json\/wp\/v2\/media?parent=464"}],"curies":[{"name":"wp","href":"https:\/\/api.w.org\/{rel}","templated":true}]}}