{"id":78,"date":"2022-05-17T07:49:13","date_gmt":"2022-05-17T07:49:13","guid":{"rendered":"https:\/\/webstudiodizajn.com.hr\/?page_id=78"},"modified":"2022-11-08T20:52:25","modified_gmt":"2022-11-08T20:52:25","slug":"o-nama","status":"publish","type":"page","link":"https:\/\/webstudiodizajn.com.hr\/index.php\/o-nama\/","title":{"rendered":"O nama"},"content":{"rendered":"<div data-colibri-id=\"78-c1\" class=\"style-265 style-local-78-c1 position-relative\">\n  <!---->\n  <div data-colibri-component=\"section\" data-colibri-id=\"78-c2\" id=\"initial-content\" class=\"h-section h-section-global-spacing d-flex align-items-lg-center align-items-md-center align-items-center style-266 style-local-78-c2 position-relative\">\n    <!---->\n    <!---->\n    <div class=\"h-section-grid-container h-section-boxed-container\">\n      <!---->\n      <div data-colibri-id=\"78-c3\" class=\"h-row-container gutters-row-lg-2 gutters-row-md-2 gutters-row-0 gutters-row-v-lg-2 gutters-row-v-md-2 gutters-row-v-2 style-284 style-local-78-c3 position-relative\">\n        <!---->\n        <div class=\"h-row justify-content-lg-center justify-content-md-center justify-content-center align-items-lg-stretch align-items-md-stretch align-items-stretch gutters-col-lg-2 gutters-col-md-2 gutters-col-0 gutters-col-v-lg-2 gutters-col-v-md-2 gutters-col-v-2\">\n          <!---->\n          <div class=\"h-column h-column-container d-flex h-col-lg-auto h-col-md-auto h-col-auto style-285-outer style-local-78-c4-outer\">\n            <div data-colibri-id=\"78-c4\" class=\"d-flex h-flex-basis h-column__inner h-px-lg-2 h-px-md-2 h-px-2 v-inner-lg-2 v-inner-md-2 v-inner-2 style-285 style-local-78-c4 position-relative\">\n              <!---->\n              <!---->\n              <div class=\"w-100 h-y-container h-column__content h-column__v-align flex-basis-100 align-self-lg-start align-self-md-start align-self-start\">\n                <!---->\n                <div data-colibri-id=\"78-c5\" class=\"d-block style-277 style-local-78-c5 position-relative h-element\">\n                  <!---->\n                  <div class=\"h-image__frame-container-outer\">\n                    <div class=\"h-image__frame-container\">\n                      <!---->\n                      <!---->\n                      <img decoding=\"async\" loading=\"lazy\" width=\"391\" height=\"80\" src=\"https:\/\/webstudiodizajn.com.hr\/wp-content\/uploads\/2022\/05\/kolnoavrata-2018-Logo.png\" class=\"wp-image-245 style-277-image style-local-78-c5-image\" srcset=\"https:\/\/webstudiodizajn.com.hr\/wp-content\/uploads\/2022\/05\/kolnoavrata-2018-Logo.png 391w, https:\/\/webstudiodizajn.com.hr\/wp-content\/uploads\/2022\/05\/kolnoavrata-2018-Logo-300x61.png 300w\" sizes=\"(max-width: 391px) 100vw, 391px\" alt=\"protuprovalna vrata\" \/>\n                      <div class=\"h-image__frame h-hide-lg h-hide-md h-hide-sm style-277-frameImage style-local-78-c5-frameImage\"><\/div>\n                    <\/div>\n                  <\/div>\n                <\/div>\n              <\/div>\n            <\/div>\n          <\/div>\n        <\/div>\n      <\/div>\n      <div data-colibri-id=\"78-c6\" class=\"h-row-container gutters-row-lg-2 gutters-row-md-2 gutters-row-0 gutters-row-v-lg-2 gutters-row-v-md-2 gutters-row-v-2 style-271 style-local-78-c6 position-relative\">\n        <!---->\n        <div class=\"h-row justify-content-lg-center justify-content-md-center justify-content-center align-items-lg-stretch align-items-md-stretch align-items-stretch gutters-col-lg-2 gutters-col-md-2 gutters-col-0 gutters-col-v-lg-2 gutters-col-v-md-2 gutters-col-v-2\">\n          <!---->\n          <div class=\"h-column h-column-container d-flex h-col-lg-auto h-col-md-auto h-col-auto style-276-outer style-local-78-c7-outer\">\n            <div data-colibri-id=\"78-c7\" class=\"d-flex h-flex-basis h-column__inner h-px-lg-2 h-px-md-2 h-px-2 v-inner-lg-2 v-inner-md-2 v-inner-2 style-276 style-local-78-c7 position-relative\">\n              <!---->\n              <!---->\n              <div class=\"w-100 h-y-container h-column__content h-column__v-align flex-basis-100 align-self-lg-start align-self-md-start align-self-start\">\n                <!---->\n                <div data-colibri-id=\"78-c8\" class=\"h-text h-text-component style-273 style-local-78-c8 position-relative h-element\">\n                  <!---->\n                  <!---->\n                  <div class=\"\">\n                    <p>Tvornica <strong>Kolnoa vrata&nbsp;<\/strong>izrasla&nbsp;je&nbsp;iz tvrtke Kolnoa koja je na hrvatskom tr\u017ei\u0161tu prisutna od 1993. godine kao zastupnik Mul-T-Lock-a. Ubrzo nakon po\u010detka rada svoju ponudu&nbsp;pro\u0161irili smo sa blokada\n                      mjenja\u010da na sustave zaklju\u010davanja i protuprovalna vrata. Protuprovalna vrata smo uvozili, prodavali i ugra\u0111ivali sve do 2006. i velike odluke o po\u010detku proizvodnje u Zagrebu u Hrvatskoj.<\/p>\n                    <p>U samom po\u010detku proizvodnje imali smo jedan model, danas, u na\u0161oj ponudi nalazi se vi\u0161e od 50 razli\u010ditih modela vrata.<\/p>\n                    <p>U tvornica vrata, koja se nalazi u hali veli\u010dine 1750 m2, obavlja se strojna obrada lima, plastifikacija, zavarivanje i sastavljanje, te pakiranje vrata. Kolnoa vrata zapo\u0161ljava 70 djelatnika, na\u0161u najve\u0107u vrijednost.<\/p>\n                    <p><strong>Podatci o tvrtci:<\/strong><\/p>\n                    <p>Kolnoa vrata d.o.o.<\/p>\n                    <p>Ilica 315, Zagreb<\/p>\n                    <p>Upisana u sudski registar kod Trgova\u010dkog suda u Zagrebu. <\/p>\n                    <p>Registarski broj: 080095245<\/p>\n                    <p>Mati\u010dni broj: 3980634<\/p>\n                    <p>OIB: 18371988523<\/p>\n                    <p>Poslovni ra\u010dun kod Zagreba\u010dka banka d.d. HR0223600001101323105<\/p>\n                    <p>&nbsp;&nbsp;&nbsp;&nbsp;&nbsp;&nbsp;&nbsp;&nbsp;&nbsp;&nbsp;&nbsp;&nbsp;&nbsp;&nbsp;Addiko bank d.d. HR7625000091101482192<\/p>\n                    <p>Temeljni kapital iznosi 24.000,00 kuna i upla\u0107en je u cijelosti.<\/p>\n                    <p>\u010clanovi Uprave dru\u0161tva su: Nadia Geras, Silvana Leskovar,&nbsp;Silvije Leskovar i Patrik Polimac<\/p>\n                  <\/div>\n                <\/div>\n              <\/div>\n            <\/div>\n          <\/div>\n        <\/div>\n      <\/div>\n      <div data-colibri-id=\"78-c9\" class=\"h-row-container gutters-row-lg-2 gutters-row-md-2 gutters-row-0 gutters-row-v-lg-2 gutters-row-v-md-2 gutters-row-v-2 style-267 style-local-78-c9 position-relative\">\n        <!---->\n        <div class=\"h-row justify-content-lg-center justify-content-md-center justify-content-center align-items-lg-stretch align-items-md-stretch align-items-stretch gutters-col-lg-2 gutters-col-md-2 gutters-col-0 gutters-col-v-lg-2 gutters-col-v-md-2 gutters-col-v-2\">\n          <!---->\n          <div class=\"h-column h-column-container d-flex h-col-lg-auto h-col-md-auto h-col-auto style-268-outer style-local-78-c10-outer\">\n            <div data-colibri-id=\"78-c10\" class=\"d-flex h-flex-basis h-column__inner h-px-lg-2 h-px-md-2 h-px-2 v-inner-lg-2 v-inner-md-2 v-inner-2 style-268 style-local-78-c10 position-relative\">\n              <!---->\n              <!---->\n              <div class=\"w-100 h-y-container h-column__content h-column__v-align flex-basis-100 align-self-lg-start align-self-md-start align-self-start\">\n                <!---->\n                <div data-colibri-id=\"78-c11\" class=\"h-icon style-275 style-local-78-c11 position-relative h-element\">\n                  <!----><span class=\"h-svg-icon h-icon__icon style-275-icon style-local-78-c11-icon\"><!--Icon by Icons8 Line Awesome (https:\/\/icons8.com\/line-awesome)--><svg version=\"1.1\" xmlns=\"http:\/\/www.w3.org\/2000\/svg\" xmlns:xlink=\"http:\/\/www.w3.org\/1999\/xlink\" id=\"building\" viewBox=\"0 0 512 545.5\"><path d=\"M64 80h384v416H272v-64h-32v64H64V80zm32 32v352h112v-64h96v64h112V112H96zm32 32h64v32h-64v-32zm96 0h64v32h-64v-32zm96 0h64v32h-64v-32zm-192 64h64v32h-64v-32zm96 0h64v32h-64v-32zm96 0h64v32h-64v-32zm-192 64h64v32h-64v-32zm96 0h64v32h-64v-32zm96 0h64v32h-64v-32zm-192 64h64v32h-64v-32zm96 0h64v32h-64v-32zm96 0h64v32h-64v-32zm-192 64h64v32h-64v-32zm192 0h64v32h-64v-32z\"><\/path><\/svg><\/span><\/div>\n              <\/div>\n            <\/div>\n          <\/div>\n        <\/div>\n      <\/div>\n    <\/div>\n  <\/div>\n<\/div>","protected":false},"excerpt":{"rendered":"<p>Tvornica Kolnoa vrata&nbsp;izrasla&nbsp;je&nbsp;iz tvrtke Kolnoa koja je na hrvatskom tr\u017ei\u0161tu prisutna od 1993. godine kao zastupnik Mul-T-Lock-a. Ubrzo nakon po\u010detka rada svoju ponudu&nbsp;pro\u0161irili smo sa blokada mjenja\u010da na sustave zaklju\u010davanja i protuprovalna vrata. Protuprovalna vrata smo uvozili, prodavali i ugra\u0111ivali sve do 2006. i velike odluke o po\u010detku proizvodnje u Zagrebu u Hrvatskoj. U samom [&hellip;]<\/p>\n","protected":false},"author":1,"featured_media":0,"parent":0,"menu_order":0,"comment_status":"closed","ping_status":"closed","template":"page-templates\/full-width-page.php","meta":{"footnotes":""},"yoast_head":"<!-- This site is optimized with the Yoast SEO plugin v20.10 - https:\/\/yoast.com\/wordpress\/plugins\/seo\/ -->\n<title>O nama - KOLNOA VRATA<\/title>\n<meta name=\"description\" content=\"Tvornica Kolnoa vrata je na hrvatskom tr\u017ei\u0161tu prisutna od 1993. godine kao zastupnik Mul-T-Lock-a.\" \/>\n<meta name=\"robots\" content=\"index, follow, max-snippet:-1, max-image-preview:large, max-video-preview:-1\" \/>\n<link rel=\"canonical\" href=\"https:\/\/webstudiodizajn.com.hr\/index.php\/o-nama\/\" \/>\n<meta property=\"og:locale\" content=\"hr_HR\" \/>\n<meta property=\"og:type\" content=\"article\" \/>\n<meta property=\"og:title\" content=\"O nama - KOLNOA VRATA\" \/>\n<meta property=\"og:description\" content=\"Tvornica Kolnoa vrata je na hrvatskom tr\u017ei\u0161tu prisutna od 1993. godine kao zastupnik Mul-T-Lock-a.\" \/>\n<meta property=\"og:url\" content=\"https:\/\/webstudiodizajn.com.hr\/index.php\/o-nama\/\" \/>\n<meta property=\"og:site_name\" content=\"KOLNOA VRATA\" \/>\n<meta property=\"article:modified_time\" content=\"2022-11-08T20:52:25+00:00\" \/>\n<meta property=\"og:image\" content=\"https:\/\/webstudiodizajn.com.hr\/wp-content\/uploads\/2022\/05\/kolnoavrata-2018-Logo.png\" \/>\n<meta name=\"twitter:card\" content=\"summary_large_image\" \/>\n<meta name=\"twitter:label1\" content=\"Procijenjeno vrijeme \u010ditanja\" \/>\n\t<meta name=\"twitter:data1\" content=\"2 minute\" \/>\n<script type=\"application\/ld+json\" class=\"yoast-schema-graph\">{\"@context\":\"https:\/\/schema.org\",\"@graph\":[{\"@type\":\"WebPage\",\"@id\":\"https:\/\/webstudiodizajn.com.hr\/index.php\/o-nama\/\",\"url\":\"https:\/\/webstudiodizajn.com.hr\/index.php\/o-nama\/\",\"name\":\"O nama - KOLNOA VRATA\",\"isPartOf\":{\"@id\":\"https:\/\/webstudiodizajn.com.hr\/#website\"},\"datePublished\":\"2022-05-17T07:49:13+00:00\",\"dateModified\":\"2022-11-08T20:52:25+00:00\",\"description\":\"Tvornica Kolnoa vrata je na hrvatskom tr\u017ei\u0161tu prisutna od 1993. godine kao zastupnik Mul-T-Lock-a.\",\"breadcrumb\":{\"@id\":\"https:\/\/webstudiodizajn.com.hr\/index.php\/o-nama\/#breadcrumb\"},\"inLanguage\":\"hr\",\"potentialAction\":[{\"@type\":\"ReadAction\",\"target\":[\"https:\/\/webstudiodizajn.com.hr\/index.php\/o-nama\/\"]}]},{\"@type\":\"BreadcrumbList\",\"@id\":\"https:\/\/webstudiodizajn.com.hr\/index.php\/o-nama\/#breadcrumb\",\"itemListElement\":[{\"@type\":\"ListItem\",\"position\":1,\"name\":\"Po\u010detna stranica\",\"item\":\"https:\/\/webstudiodizajn.com.hr\/\"},{\"@type\":\"ListItem\",\"position\":2,\"name\":\"O nama\"}]},{\"@type\":\"WebSite\",\"@id\":\"https:\/\/webstudiodizajn.com.hr\/#website\",\"url\":\"https:\/\/webstudiodizajn.com.hr\/\",\"name\":\"KOLNOA VRATA\",\"description\":\"Va\u0161a sigurnost\",\"publisher\":{\"@id\":\"https:\/\/webstudiodizajn.com.hr\/#organization\"},\"potentialAction\":[{\"@type\":\"SearchAction\",\"target\":{\"@type\":\"EntryPoint\",\"urlTemplate\":\"https:\/\/webstudiodizajn.com.hr\/?s={search_term_string}\"},\"query-input\":\"required name=search_term_string\"}],\"inLanguage\":\"hr\"},{\"@type\":\"Organization\",\"@id\":\"https:\/\/webstudiodizajn.com.hr\/#organization\",\"name\":\"KOLNOA VRATA\",\"url\":\"https:\/\/webstudiodizajn.com.hr\/\",\"logo\":{\"@type\":\"ImageObject\",\"inLanguage\":\"hr\",\"@id\":\"https:\/\/webstudiodizajn.com.hr\/#\/schema\/logo\/image\/\",\"url\":\"https:\/\/webstudiodizajn.com.hr\/wp-content\/uploads\/2022\/06\/Kolnoa-Vrata-logo-ai1-white.png\",\"contentUrl\":\"https:\/\/webstudiodizajn.com.hr\/wp-content\/uploads\/2022\/06\/Kolnoa-Vrata-logo-ai1-white.png\",\"width\":977,\"height\":233,\"caption\":\"KOLNOA VRATA\"},\"image\":{\"@id\":\"https:\/\/webstudiodizajn.com.hr\/#\/schema\/logo\/image\/\"}}]}<\/script>\n<!-- \/ Yoast SEO plugin. -->","yoast_head_json":{"title":"O nama - KOLNOA VRATA","description":"Tvornica Kolnoa vrata je na hrvatskom tr\u017ei\u0161tu prisutna od 1993. godine kao zastupnik Mul-T-Lock-a.","robots":{"index":"index","follow":"follow","max-snippet":"max-snippet:-1","max-image-preview":"max-image-preview:large","max-video-preview":"max-video-preview:-1"},"canonical":"https:\/\/webstudiodizajn.com.hr\/index.php\/o-nama\/","og_locale":"hr_HR","og_type":"article","og_title":"O nama - KOLNOA VRATA","og_description":"Tvornica Kolnoa vrata je na hrvatskom tr\u017ei\u0161tu prisutna od 1993. godine kao zastupnik Mul-T-Lock-a.","og_url":"https:\/\/webstudiodizajn.com.hr\/index.php\/o-nama\/","og_site_name":"KOLNOA VRATA","article_modified_time":"2022-11-08T20:52:25+00:00","og_image":[{"url":"https:\/\/webstudiodizajn.com.hr\/wp-content\/uploads\/2022\/05\/kolnoavrata-2018-Logo.png"}],"twitter_card":"summary_large_image","twitter_misc":{"Procijenjeno vrijeme \u010ditanja":"2 minute"},"schema":{"@context":"https:\/\/schema.org","@graph":[{"@type":"WebPage","@id":"https:\/\/webstudiodizajn.com.hr\/index.php\/o-nama\/","url":"https:\/\/webstudiodizajn.com.hr\/index.php\/o-nama\/","name":"O nama - KOLNOA VRATA","isPartOf":{"@id":"https:\/\/webstudiodizajn.com.hr\/#website"},"datePublished":"2022-05-17T07:49:13+00:00","dateModified":"2022-11-08T20:52:25+00:00","description":"Tvornica Kolnoa vrata je na hrvatskom tr\u017ei\u0161tu prisutna od 1993. godine kao zastupnik Mul-T-Lock-a.","breadcrumb":{"@id":"https:\/\/webstudiodizajn.com.hr\/index.php\/o-nama\/#breadcrumb"},"inLanguage":"hr","potentialAction":[{"@type":"ReadAction","target":["https:\/\/webstudiodizajn.com.hr\/index.php\/o-nama\/"]}]},{"@type":"BreadcrumbList","@id":"https:\/\/webstudiodizajn.com.hr\/index.php\/o-nama\/#breadcrumb","itemListElement":[{"@type":"ListItem","position":1,"name":"Po\u010detna stranica","item":"https:\/\/webstudiodizajn.com.hr\/"},{"@type":"ListItem","position":2,"name":"O nama"}]},{"@type":"WebSite","@id":"https:\/\/webstudiodizajn.com.hr\/#website","url":"https:\/\/webstudiodizajn.com.hr\/","name":"KOLNOA VRATA","description":"Va\u0161a sigurnost","publisher":{"@id":"https:\/\/webstudiodizajn.com.hr\/#organization"},"potentialAction":[{"@type":"SearchAction","target":{"@type":"EntryPoint","urlTemplate":"https:\/\/webstudiodizajn.com.hr\/?s={search_term_string}"},"query-input":"required name=search_term_string"}],"inLanguage":"hr"},{"@type":"Organization","@id":"https:\/\/webstudiodizajn.com.hr\/#organization","name":"KOLNOA VRATA","url":"https:\/\/webstudiodizajn.com.hr\/","logo":{"@type":"ImageObject","inLanguage":"hr","@id":"https:\/\/webstudiodizajn.com.hr\/#\/schema\/logo\/image\/","url":"https:\/\/webstudiodizajn.com.hr\/wp-content\/uploads\/2022\/06\/Kolnoa-Vrata-logo-ai1-white.png","contentUrl":"https:\/\/webstudiodizajn.com.hr\/wp-content\/uploads\/2022\/06\/Kolnoa-Vrata-logo-ai1-white.png","width":977,"height":233,"caption":"KOLNOA VRATA"},"image":{"@id":"https:\/\/webstudiodizajn.com.hr\/#\/schema\/logo\/image\/"}}]}},"_links":{"self":[{"href":"https:\/\/webstudiodizajn.com.hr\/index.php\/wp-json\/wp\/v2\/pages\/78"}],"collection":[{"href":"https:\/\/webstudiodizajn.com.hr\/index.php\/wp-json\/wp\/v2\/pages"}],"about":[{"href":"https:\/\/webstudiodizajn.com.hr\/index.php\/wp-json\/wp\/v2\/types\/page"}],"author":[{"embeddable":true,"href":"https:\/\/webstudiodizajn.com.hr\/index.php\/wp-json\/wp\/v2\/users\/1"}],"replies":[{"embeddable":true,"href":"https:\/\/webstudiodizajn.com.hr\/index.php\/wp-json\/wp\/v2\/comments?post=78"}],"version-history":[{"count":10,"href":"https:\/\/webstudiodizajn.com.hr\/index.php\/wp-json\/wp\/v2\/pages\/78\/revisions"}],"predecessor-version":[{"id":1900,"href":"https:\/\/webstudiodizajn.com.hr\/index.php\/wp-json\/wp\/v2\/pages\/78\/revisions\/1900"}],"wp:attachment":[{"href":"https:\/\/webstudiodizajn.com.hr\/index.php\/wp-json\/wp\/v2\/media?parent=78"}],"curies":[{"name":"wp","href":"https:\/\/api.w.org\/{rel}","templated":true}]}}